{"id":3,"date":"2026-01-08T09:47:44","date_gmt":"2026-01-08T09:47:44","guid":{"rendered":"https:\/\/test.keyfulgroup.com\/?page_id=3"},"modified":"2026-01-09T16:30:22","modified_gmt":"2026-01-09T08:30:22","slug":"privacy-policy","status":"publish","type":"page","link":"https:\/\/www.keyfulgroup.com\/it\/privacy-policy\/","title":{"rendered":"Informativa sulla privacy"},"content":{"rendered":"<div class=\"fusion-title title fusion-title-1 fusion-sep-none fusion-title-center fusion-title-text fusion-title-size-five\">\r\n<h5 class=\"fusion-title-heading title-heading-center wp-block-heading\" style=\"text-align: center;\">Informativa sulla privacy<\/h5>\r\n<\/div>\r\n<div class=\"fusion-text fusion-text-1\">\r\n<p>Tempo di aggiornamento: 2025<br \/>Durata effettiva: da 2025 a permanente<br \/>Nota: il presente accordo \u00e8 valido per i contratti a tempo indeterminato.<br \/>Il nostro intento \u00e8 quello di rendere il servizio migliore per tutti sul nostro sito web, raccogliamo e utilizziamo le informazioni su di voi, il nostro<br \/>- i visitatori dei nostri siti web o chiunque ci contatti<br \/>La presente Informativa sulla privacy vi aiuter\u00e0 a capire meglio come raccogliamo, utilizziamo e condividiamo i vostri dati personali. In caso di modifiche alle nostre prassi in materia di privacy, potremo aggiornare la presente informativa sulla privacy. In caso di modifiche significative, vi informeremo via e-mail.<\/p>\r\n<h5>I nostri principi fondamentali<\/h5>\r\n<p>- Le vostre informazioni vi appartengono<br \/>Analizziamo attentamente i tipi di informazioni di cui abbiamo bisogno per fornire i nostri servizi e cerchiamo di limitare le informazioni raccolte solo a quelle realmente necessarie. Ove possibile, cancelliamo o rendiamo anonime queste informazioni quando non ne abbiamo pi\u00f9 bisogno. Quando costruiamo e miglioriamo i nostri prodotti, i nostri ingegneri lavorano a stretto contatto con i nostri team che si occupano di privacy e sicurezza per costruire tenendo conto della privacy. In tutto questo lavoro, il nostro principio guida \u00e8 che le vostre informazioni vi appartengono e che ci proponiamo di usarle solo a vostro vantaggio.<br \/>- Proteggiamo le vostre informazioni da altri<br \/>Se una terza parte richiede le vostre informazioni personali, ci rifiuteremo di condividerle a meno che non ci diate il permesso o non ci venga richiesto per legge. Quando siamo obbligati per legge a condividere le vostre informazioni personali, ve lo comunicheremo in anticipo, a meno che non ci sia vietato per legge.<br \/>- Risponderemo alle domande sulla privacy che riceveremo.<\/p>\r\n<h5>Quali informazioni raccogliamo su di voi e perch\u00e9<\/h5>\r\n<p>Raccogliamo informazioni personali quando vi iscrivete al nostro sito web, quando utilizzate la nostra piattaforma o quando ci fornite altre informazioni. Possiamo anche utilizzare fornitori di servizi terzi per aiutarci a fornire altri servizi all'utente. In generale, abbiamo bisogno di queste informazioni per poter utilizzare la nostra piattaforma.<br \/>- Per fornirvi l'uso della nostra piattaforma e di altri servizi correlati (ad esempio, per confermare la vostra identit\u00e0, per contattarvi in merito a problemi con la piattaforma), o per ottemperare ai requisiti di legge, o per prevenire l'uso fraudolento dei nostri servizi, ci fornite informazioni su di voi e sulla vostra attivit\u00e0, come il vostro nome, il tipo di attivit\u00e0, la provincia e la citt\u00e0, l'indirizzo completo, la licenza commerciale, il codice di credito sociale, il numero di identificazione del contribuente, il nome del rappresentante legale.<\/p>\r\n<h5>Perch\u00e9 trattiamo i vostri dati<\/h5>\r\n<p>In genere trattiamo le vostre informazioni quando \u00e8 necessario per adempiere a un obbligo contrattuale, o quando noi o qualcuno con cui lavoriamo ha bisogno di utilizzare le vostre informazioni personali per un motivo legato alla propria attivit\u00e0 (ad esempio, per fornirvi un servizio), tra cui:<br \/>- fare richieste e scambi<br \/>- prevenire rischi e frodi<br \/>- rispondere a domande o fornire altri tipi di supporto<br \/>- fornire e migliorare i nostri prodotti e servizi<br \/>- fornire report e analisi<br \/>- testare funzionalit\u00e0 o servizi aggiuntivi<br \/>- assistenza per il marketing, la pubblicit\u00e0 o altre comunicazioni<br \/>Trattiamo le informazioni personali per le situazioni sopra menzionate solo dopo aver considerato i potenziali rischi per la vostra privacy, ad esempio fornendo una chiara trasparenza sulle nostre pratiche in materia di privacy, offrendovi il controllo sulle vostre informazioni personali ove appropriato, limitando le informazioni che conserviamo, limitando ci\u00f2 che facciamo con le vostre informazioni, a chi inviamo le vostre informazioni, per quanto tempo conserviamo le vostre informazioni o le misure tecniche che utilizziamo per proteggere le vostre informazioni. In generale, conserveremo le vostre informazioni per 3 anni.<br \/>Possiamo trattare i vostri dati personali quando avete fornito il vostro consenso. In particolare, quando non possiamo fare affidamento su una base giuridica alternativa per il trattamento, quando i vostri dati provengono da una fonte e sono gi\u00e0 accompagnati dal consenso o quando siamo tenuti per legge a chiedere il vostro consenso nel contesto di alcune delle nostre attivit\u00e0 di vendita e marketing. In qualsiasi momento, avete il diritto di revocare il vostro consenso modificando le vostre scelte di comunicazione, rinunciando alle nostre comunicazioni o contattandoci.<\/p>\r\n<h5>I vostri diritti sui vostri dati<\/h5>\r\n<p>Riteniamo che l'utente debba essere in grado di accedere e controllare le proprie informazioni personali indipendentemente dal luogo in cui vive. A seconda di come utilizzate il nostro sito web, potreste avere il diritto di richiedere l'accesso, la correzione, la modifica, la cancellazione, il trasferimento a un altro fornitore di servizi, la limitazione o l'opposizione a determinati usi delle vostre informazioni personali (ad esempio, il marketing diretto). Non vi faremo pagare di pi\u00f9 n\u00e9 vi forniremo un livello di servizio diverso se esercitate uno di questi diritti.<br \/>Se ci inviate una richiesta relativa ai vostri dati personali, dobbiamo assicurarci che siate voi prima di potervi rispondere. A tal fine, potremmo ricorrere a terzi per raccogliere e verificare i documenti di identificazione.<br \/>Se non siete soddisfatti della nostra risposta a una richiesta, potete contattarci per risolvere il problema. Avete anche il diritto di contattare l'autorit\u00e0 locale per la protezione dei dati o della privacy in qualsiasi momento.<\/p>\r\n<h5>Dove inviamo le vostre informazioni<\/h5>\r\n<p>Siamo una societ\u00e0 cinese 3D01, Block CD, Tianji Building, Tianan Digital City, Futian District, Shenzhen city, Guangdong Province China, per svolgere la nostra attivit\u00e0, potremmo inviare i vostri dati personali al di fuori del vostro stato, provincia o paese, compresa la trasmissione a server dislocati dai nostri fornitori di servizi in Cina o a Singapore. Questi dati possono essere soggetti alle leggi dei paesi in cui vengono inviati. Quando inviamo i vostri dati all'estero, adottiamo misure per proteggerli e cerchiamo di inviarli solo a paesi che hanno leggi severe in materia di protezione dei dati.<br \/>Pur facendo il possibile per proteggere le informazioni dell'utente, in alcuni casi potremmo essere obbligati per legge a divulgare le informazioni personali dell'utente (ad esempio, se riceviamo un ordine valido del tribunale).<\/p>\r\n<h5>Quando e perch\u00e9 condividiamo le vostre informazioni con altri<\/h5>\r\n<p>Utilizziamo fornitori di servizi per aiutarci a fornire servizi all'utente. Questi servizi vi saranno forniti espressamente sulla base della vostra conferma o del vostro consenso.<br \/>Al di fuori di questi fornitori di servizi, condivideremo le informazioni dell'utente solo se ci viene richiesto per legge (ad esempio, se riceviamo un ordine del tribunale o una citazione in giudizio legalmente vincolante).<br \/>Se avete domande sulle modalit\u00e0 di condivisione dei vostri dati personali, dovete contattarci.<\/p>\r\n<h5>Come proteggiamo le vostre informazioni<\/h5>\r\n<p>I nostri team lavorano instancabilmente per proteggere le vostre informazioni e per garantire la sicurezza e l'integrit\u00e0 della nostra piattaforma. Abbiamo anche revisori indipendenti che valutano la sicurezza dei nostri archivi di dati e dei sistemi che elaborano le informazioni finanziarie. Abbiamo anche acquistato un sistema SSL per evitare il pi\u00f9 possibile la fuga di dati dal sito web. Tuttavia, sappiamo tutti che nessun metodo di trasmissione su Internet e nessun metodo di archiviazione elettronica pu\u00f2 essere sicuro al 100%. Ci\u00f2 significa che non possiamo garantire la sicurezza assoluta dei vostri dati personali.<br \/>Ulteriori informazioni sulle nostre misure di sicurezza sono disponibili sul nostro sito web.<\/p>\r\n<h5>Come utilizziamo i \u201ccookie\u201d e altre tecnologie di tracciamento<\/h5>\r\n<p>Sul nostro sito web e durante la fornitura dei nostri servizi utilizziamo cookie e tecnologie di tracciamento simili. Per ulteriori informazioni sull'utilizzo di queste tecnologie, compreso un elenco di altre aziende che inseriscono cookie sui nostri siti e una spiegazione di come \u00e8 possibile rinunciare a determinati tipi di cookie, consultare la nostra Politica sui cookie.<\/p>\r\n<h5>Come raggiungerci<\/h5>\r\n<p>Se desiderate fare domande, richieste o reclami su come trattiamo i vostri dati personali, contattateci o inviateci un'e-mail all'indirizzo sottostante.<br \/>Nome: ShenZhen Keyful New materials Co., Ltd.<br \/>Indirizzo e-mail:<a href=\"mailto:melissa@kfnmsz.com\">melissa@kfnmsz.com<\/a><\/p>\r\n<\/div>","protected":false},"excerpt":{"rendered":"<p>Privacy Policy Update Time: 2025Effective Time: 2025 to PermanentNote: This agreement is valid for permanentWe [&#8230;]<\/p>\n","protected":false},"author":1,"featured_media":0,"parent":0,"menu_order":0,"comment_status":"closed","ping_status":"open","template":"","meta":{"footnotes":""},"class_list":["post-3","page","type-page","status-publish","hentry"],"yoast_head":"<!-- This site is optimized with the Yoast SEO plugin v27.4 - https:\/\/yoast.com\/product\/yoast-seo-wordpress\/ -->\n<title>Privacy Policy - KEYFUL<\/title>\n<meta name=\"robots\" content=\"index, follow, max-snippet:-1, max-image-preview:large, max-video-preview:-1\" \/>\n<link rel=\"canonical\" href=\"https:\/\/www.keyfulgroup.com\/it\/privacy-policy\/\" \/>\n<meta property=\"og:locale\" content=\"it_IT\" \/>\n<meta property=\"og:type\" content=\"article\" \/>\n<meta property=\"og:title\" content=\"Privacy Policy - KEYFUL\" \/>\n<meta property=\"og:description\" content=\"Privacy Policy Update Time: 2025Effective Time: 2025 to PermanentNote: This agreement is valid for permanentWe [...]\" \/>\n<meta property=\"og:url\" content=\"https:\/\/www.keyfulgroup.com\/it\/privacy-policy\/\" \/>\n<meta property=\"og:site_name\" content=\"KEYFUL\" \/>\n<meta property=\"article:modified_time\" content=\"2026-01-09T08:30:22+00:00\" \/>\n<meta name=\"twitter:card\" content=\"summary_large_image\" \/>\n<meta name=\"twitter:label1\" content=\"Tempo di lettura stimato\" \/>\n\t<meta name=\"twitter:data1\" content=\"6 minuti\" \/>\n<script type=\"application\/ld+json\" class=\"yoast-schema-graph\">{\"@context\":\"https:\\\/\\\/schema.org\",\"@graph\":[{\"@type\":\"WebPage\",\"@id\":\"https:\\\/\\\/www.keyfulgroup.com\\\/privacy-policy\\\/\",\"url\":\"https:\\\/\\\/www.keyfulgroup.com\\\/privacy-policy\\\/\",\"name\":\"Privacy Policy - KEYFUL\",\"isPartOf\":{\"@id\":\"https:\\\/\\\/www.keyfulgroup.com\\\/#website\"},\"datePublished\":\"2026-01-08T09:47:44+00:00\",\"dateModified\":\"2026-01-09T08:30:22+00:00\",\"breadcrumb\":{\"@id\":\"https:\\\/\\\/www.keyfulgroup.com\\\/privacy-policy\\\/#breadcrumb\"},\"inLanguage\":\"it-IT\",\"potentialAction\":[{\"@type\":\"ReadAction\",\"target\":[\"https:\\\/\\\/www.keyfulgroup.com\\\/privacy-policy\\\/\"]}]},{\"@type\":\"BreadcrumbList\",\"@id\":\"https:\\\/\\\/www.keyfulgroup.com\\\/privacy-policy\\\/#breadcrumb\",\"itemListElement\":[{\"@type\":\"ListItem\",\"position\":1,\"name\":\"Home\",\"item\":\"https:\\\/\\\/www.keyfulgroup.com\\\/\"},{\"@type\":\"ListItem\",\"position\":2,\"name\":\"Privacy Policy\"}]},{\"@type\":\"WebSite\",\"@id\":\"https:\\\/\\\/www.keyfulgroup.com\\\/#website\",\"url\":\"https:\\\/\\\/www.keyfulgroup.com\\\/\",\"name\":\"Kaifeng\",\"description\":\"\",\"publisher\":{\"@id\":\"https:\\\/\\\/www.keyfulgroup.com\\\/#organization\"},\"potentialAction\":[{\"@type\":\"SearchAction\",\"target\":{\"@type\":\"EntryPoint\",\"urlTemplate\":\"https:\\\/\\\/www.keyfulgroup.com\\\/?s={search_term_string}\"},\"query-input\":{\"@type\":\"PropertyValueSpecification\",\"valueRequired\":true,\"valueName\":\"search_term_string\"}}],\"inLanguage\":\"it-IT\"},{\"@type\":\"Organization\",\"@id\":\"https:\\\/\\\/www.keyfulgroup.com\\\/#organization\",\"name\":\"Kaifeng\",\"url\":\"https:\\\/\\\/www.keyfulgroup.com\\\/\",\"logo\":{\"@type\":\"ImageObject\",\"inLanguage\":\"it-IT\",\"@id\":\"https:\\\/\\\/www.keyfulgroup.com\\\/#\\\/schema\\\/logo\\\/image\\\/\",\"url\":\"https:\\\/\\\/www.keyfulgroup.com\\\/wp-content\\\/uploads\\\/2026\\\/01\\\/Kaifeng-Logo.avif\",\"contentUrl\":\"https:\\\/\\\/www.keyfulgroup.com\\\/wp-content\\\/uploads\\\/2026\\\/01\\\/Kaifeng-Logo.avif\",\"width\":512,\"height\":512,\"caption\":\"Kaifeng\"},\"image\":{\"@id\":\"https:\\\/\\\/www.keyfulgroup.com\\\/#\\\/schema\\\/logo\\\/image\\\/\"}}]}<\/script>\n<!-- \/ Yoast SEO plugin. -->","yoast_head_json":{"title":"Informativa sulla privacy - KEYFUL","robots":{"index":"index","follow":"follow","max-snippet":"max-snippet:-1","max-image-preview":"max-image-preview:large","max-video-preview":"max-video-preview:-1"},"canonical":"https:\/\/www.keyfulgroup.com\/it\/privacy-policy\/","og_locale":"it_IT","og_type":"article","og_title":"Privacy Policy - KEYFUL","og_description":"Privacy Policy Update Time: 2025Effective Time: 2025 to PermanentNote: This agreement is valid for permanentWe [...]","og_url":"https:\/\/www.keyfulgroup.com\/it\/privacy-policy\/","og_site_name":"KEYFUL","article_modified_time":"2026-01-09T08:30:22+00:00","twitter_card":"summary_large_image","twitter_misc":{"Tempo di lettura stimato":"6 minuti"},"schema":{"@context":"https:\/\/schema.org","@graph":[{"@type":"WebPage","@id":"https:\/\/www.keyfulgroup.com\/privacy-policy\/","url":"https:\/\/www.keyfulgroup.com\/privacy-policy\/","name":"Informativa sulla privacy - KEYFUL","isPartOf":{"@id":"https:\/\/www.keyfulgroup.com\/#website"},"datePublished":"2026-01-08T09:47:44+00:00","dateModified":"2026-01-09T08:30:22+00:00","breadcrumb":{"@id":"https:\/\/www.keyfulgroup.com\/privacy-policy\/#breadcrumb"},"inLanguage":"it-IT","potentialAction":[{"@type":"ReadAction","target":["https:\/\/www.keyfulgroup.com\/privacy-policy\/"]}]},{"@type":"BreadcrumbList","@id":"https:\/\/www.keyfulgroup.com\/privacy-policy\/#breadcrumb","itemListElement":[{"@type":"ListItem","position":1,"name":"Home","item":"https:\/\/www.keyfulgroup.com\/"},{"@type":"ListItem","position":2,"name":"Privacy Policy"}]},{"@type":"WebSite","@id":"https:\/\/www.keyfulgroup.com\/#website","url":"https:\/\/www.keyfulgroup.com\/","name":"Kaifeng","description":"","publisher":{"@id":"https:\/\/www.keyfulgroup.com\/#organization"},"potentialAction":[{"@type":"SearchAction","target":{"@type":"EntryPoint","urlTemplate":"https:\/\/www.keyfulgroup.com\/?s={search_term_string}"},"query-input":{"@type":"PropertyValueSpecification","valueRequired":true,"valueName":"search_term_string"}}],"inLanguage":"it-IT"},{"@type":"Organization","@id":"https:\/\/www.keyfulgroup.com\/#organization","name":"Kaifeng","url":"https:\/\/www.keyfulgroup.com\/","logo":{"@type":"ImageObject","inLanguage":"it-IT","@id":"https:\/\/www.keyfulgroup.com\/#\/schema\/logo\/image\/","url":"https:\/\/www.keyfulgroup.com\/wp-content\/uploads\/2026\/01\/Kaifeng-Logo.avif","contentUrl":"https:\/\/www.keyfulgroup.com\/wp-content\/uploads\/2026\/01\/Kaifeng-Logo.avif","width":512,"height":512,"caption":"Kaifeng"},"image":{"@id":"https:\/\/www.keyfulgroup.com\/#\/schema\/logo\/image\/"}}]}},"_links":{"self":[{"href":"https:\/\/www.keyfulgroup.com\/it\/wp-json\/wp\/v2\/pages\/3","targetHints":{"allow":["GET"]}}],"collection":[{"href":"https:\/\/www.keyfulgroup.com\/it\/wp-json\/wp\/v2\/pages"}],"about":[{"href":"https:\/\/www.keyfulgroup.com\/it\/wp-json\/wp\/v2\/types\/page"}],"author":[{"embeddable":true,"href":"https:\/\/www.keyfulgroup.com\/it\/wp-json\/wp\/v2\/users\/1"}],"replies":[{"embeddable":true,"href":"https:\/\/www.keyfulgroup.com\/it\/wp-json\/wp\/v2\/comments?post=3"}],"version-history":[{"count":5,"href":"https:\/\/www.keyfulgroup.com\/it\/wp-json\/wp\/v2\/pages\/3\/revisions"}],"predecessor-version":[{"id":23,"href":"https:\/\/www.keyfulgroup.com\/it\/wp-json\/wp\/v2\/pages\/3\/revisions\/23"}],"wp:attachment":[{"href":"https:\/\/www.keyfulgroup.com\/it\/wp-json\/wp\/v2\/media?parent=3"}],"curies":[{"name":"wp","href":"https:\/\/api.w.org\/{rel}","templated":true}]}}