{"id":43,"date":"2026-01-09T16:34:57","date_gmt":"2026-01-09T08:34:57","guid":{"rendered":"https:\/\/test.keyfulgroup.com\/?page_id=43"},"modified":"2026-01-22T17:53:57","modified_gmt":"2026-01-22T09:53:57","slug":"contact-us","status":"publish","type":"page","link":"https:\/\/www.keyfulgroup.com\/fr\/contact-us\/","title":{"rendered":"Nous contacter"},"content":{"rendered":"<div class=\"fusion-fullwidth fullwidth-box fusion-builder-row-1 fusion-flex-container has-pattern-background has-mask-background nonhundred-percent-fullwidth non-hundred-percent-height-scrolling\" style=\"--awb-border-radius-top-left:0px;--awb-border-radius-top-right:0px;--awb-border-radius-bottom-right:0px;--awb-border-radius-bottom-left:0px;--awb-flex-wrap:wrap;\" ><div class=\"fusion-builder-row fusion-row fusion-flex-align-items-stretch fusion-flex-content-wrap\" style=\"max-width:1422.72px;margin-left: calc(-4% \/ 2 );margin-right: calc(-4% \/ 2 );\"><div class=\"fusion-layout-column fusion_builder_column fusion-builder-column-0 fusion_builder_column_1_1 1_1 fusion-flex-column\" style=\"--awb-bg-size:cover;--awb-width-large:100%;--awb-margin-top-large:0px;--awb-spacing-right-large:1.92%;--awb-margin-bottom-large:0px;--awb-spacing-left-large:1.92%;--awb-width-medium:100%;--awb-order-medium:0;--awb-spacing-right-medium:1.92%;--awb-spacing-left-medium:1.92%;--awb-width-small:100%;--awb-order-small:0;--awb-spacing-right-small:1.92%;--awb-spacing-left-small:1.92%;\"><div class=\"fusion-column-wrapper fusion-column-has-shadow fusion-flex-justify-content-flex-start fusion-content-layout-column\"><div class=\"fusion-title title fusion-title-1 fusion-sep-none fusion-title-text fusion-title-size-three\" style=\"--awb-text-color:var(--awb-color5);--awb-margin-bottom:30px;\"><h3 class=\"fusion-title-heading title-heading-left fusion-responsive-typography-calculated\" style=\"margin:0;--fontSize:36;line-height:var(--awb-typography1-line-height);\"><strong>Nous contacter<\/strong><\/h3><\/div><div class=\"fusion-text fusion-text-1\" style=\"--awb-font-size:14px;--awb-text-color:var(--awb-color5);\"><p><span style=\"color: #2853a0;\">Keyful New Material Co., Ltd. a son si\u00e8ge \u00e0 Shenzhen, en Chine, et m\u00e8ne des activit\u00e9s en Europe, en Asie du Sud-Est et en Am\u00e9rique du Nord, ainsi que dans de nombreuses bases de production et installations de recherche et de d\u00e9veloppement. Nous nous engageons \u00e0 innover dans le domaine de l'emballage souple durable et nous sommes impatients d'\u00e9tablir un partenariat avec vous pour cr\u00e9er des solutions personnalis\u00e9es et une collaboration continue.<\/span><\/p>\n<\/div><\/div><\/div><div class=\"fusion-layout-column fusion_builder_column fusion-builder-column-1 fusion_builder_column_3_5 3_5 fusion-flex-column\" style=\"--awb-padding-top:15px;--awb-padding-right:15px;--awb-padding-bottom:15px;--awb-padding-left:15px;--awb-overflow:hidden;--awb-bg-size:cover;--awb-border-color:var(--awb-color5);--awb-border-top:1px;--awb-border-right:1px;--awb-border-bottom:1px;--awb-border-left:1px;--awb-border-style:solid;--awb-border-radius:20px 20px 20px 20px;--awb-width-large:60%;--awb-margin-top-large:0px;--awb-spacing-right-large:3.2%;--awb-margin-bottom-large:0px;--awb-spacing-left-large:3.2%;--awb-width-medium:60%;--awb-order-medium:0;--awb-spacing-right-medium:3.2%;--awb-spacing-left-medium:3.2%;--awb-width-small:100%;--awb-order-small:0;--awb-spacing-right-small:1.92%;--awb-spacing-left-small:1.92%;\" data-scroll-devices=\"small-visibility,medium-visibility,large-visibility\"><div class=\"fusion-column-wrapper fusion-column-has-shadow fusion-flex-justify-content-flex-start fusion-content-layout-column\"><div class=\"fusion-title title fusion-title-2 fusion-sep-none fusion-title-center fusion-title-text fusion-title-size-four\" style=\"--awb-text-color:var(--awb-color5);--awb-margin-top:15px;\"><h4 class=\"fusion-title-heading title-heading-center fusion-responsive-typography-calculated\" style=\"margin:0;--fontSize:24;line-height:var(--awb-typography1-line-height);\"><strong>Demande d'information ou de devis<\/strong><\/h4><\/div>\n<div class=\"wpcf7 no-js\" id=\"wpcf7-f273-o1\" lang=\"en-US\" dir=\"ltr\" data-wpcf7-id=\"273\">\n<div class=\"screen-reader-response\"><p role=\"status\" aria-live=\"polite\" aria-atomic=\"true\"><\/p> <ul><\/ul><\/div>\n<form action=\"\/fr\/wp-json\/wp\/v2\/pages\/43#wpcf7-f273-o1\" method=\"post\" class=\"wpcf7-form init\" aria-label=\"Formulaire de contact\" novalidate=\"novalidate\" data-status=\"init\" data-trp-original-action=\"\/fr\/wp-json\/wp\/v2\/pages\/43#wpcf7-f273-o1\">\n<fieldset class=\"hidden-fields-container\"><input type=\"hidden\" name=\"_wpcf7\" value=\"273\" \/><input type=\"hidden\" name=\"_wpcf7_version\" value=\"6.1.5\" \/><input type=\"hidden\" name=\"_wpcf7_locale\" value=\"en_US\" \/><input type=\"hidden\" name=\"_wpcf7_unit_tag\" value=\"wpcf7-f273-o1\" \/><input type=\"hidden\" name=\"_wpcf7_container_post\" value=\"0\" \/><input type=\"hidden\" name=\"_wpcf7_posted_data_hash\" value=\"\" \/>\n<\/fieldset>\n<style>\n* {\n box-sizing: border-box;\n}\n#Send{width:50%; background:#28539f;color:#fff; font-weight: bold; font-size:16px;height: 50px;}\n#name,#Email,#Phone,#Country,#CompanyName,#Subject,#Message{color:#000;}\n\/* Create two equal columns that floats next to each other *\/\n.column {\n float: left;\n width: 50%;\n padding-left: 15px;\n padding-right: 15px;\n height: auto; \/* Should be removed. Only for demonstration *\/\n}\n\n\/* Clear floats after the columns *\/\n.row:after {\n content: \"\";\n display: table;\n clear: both;\n}\n\n\/* Responsive layout - makes the two columns stack on top of each other instead of next to each other *\/\n@media screen and (max-width: 650px) {\n .column {\n width: 100%;\n }\n}\n<\/style>\n<div class=\"row\">\n\t<div class=\"column\" >\n\t\t<p>Nom* <span class=\"wpcf7-form-control-wrap\" data-name=\"name\"><input size=\"40\" maxlength=\"400\" class=\"wpcf7-form-control wpcf7-text wpcf7-validates-as-required name\" id=\"name\" aria-required=\"true\" aria-invalid=\"false\" placeholder=\"*Votre nom\" value=\"\" type=\"text\" name=\"name\" \/><\/span>\n\t\t<\/p>\n\t<\/div>\n\t<div class=\"column\">\n\t\t<p>Courriel* <span class=\"wpcf7-form-control-wrap\" data-name=\"email\"><input size=\"40\" maxlength=\"400\" class=\"wpcf7-form-control wpcf7-email wpcf7-validates-as-required wpcf7-text wpcf7-validates-as-email email\" id=\"Email\" aria-required=\"true\" aria-invalid=\"false\" placeholder=\"*Email\" value=\"\" type=\"email\" name=\"email\" \/><\/span>\n\t\t<\/p>\n\t<\/div>\n<\/div>\n<div class=\"row\">\n\t<div class=\"column\">\n\t\t<p>T\u00e9l\u00e9phone <span class=\"wpcf7-form-control-wrap\" data-name=\"Phone\"><input size=\"40\" maxlength=\"400\" class=\"wpcf7-form-control wpcf7-tel wpcf7-text wpcf7-validates-as-tel Phone\" id=\"Phone\" aria-invalid=\"false\" placeholder=\"T\u00e9l\u00e9phone\" value=\"\" type=\"tel\" name=\"Phone\" \/><\/span>\n\t\t<\/p>\n\t<\/div>\n\t<div class=\"column\">\n\t\t<p>Pays <span class=\"wpcf7-form-control-wrap\" data-name=\"Country\"><input size=\"40\" maxlength=\"400\" class=\"wpcf7-form-control wpcf7-text Country\" id=\"Country\" aria-invalid=\"false\" placeholder=\"Pays\" value=\"\" type=\"text\" name=\"Country\" \/><\/span>\n\t\t<\/p>\n\t<\/div>\n<\/div>\n<div class=\"row\">\n\t<div class=\"column\">\n\t\t<p>Nom de l'entreprise <span class=\"wpcf7-form-control-wrap\" data-name=\"CompanyName\"><input size=\"40\" maxlength=\"400\" class=\"wpcf7-form-control wpcf7-text CompanyName\" id=\"CompanyName\" aria-invalid=\"false\" placeholder=\"Nom de l&#039;entreprise\" value=\"\" type=\"text\" name=\"CompanyName\" \/><\/span>\n\t\t<\/p>\n\t<\/div>\n\t<div class=\"column\">\n\t\t<p>Sujet <span class=\"wpcf7-form-control-wrap\" data-name=\"Subject\"><input size=\"40\" maxlength=\"400\" class=\"wpcf7-form-control wpcf7-text Subject\" id=\"Subject\" aria-invalid=\"false\" placeholder=\"Sujet\" value=\"\" type=\"text\" name=\"Subject\" \/><\/span>\n\t\t<\/p>\n\t<\/div>\n<\/div>\n<div id=\"contact_us\">\n\t<p>Message* <span class=\"wpcf7-form-control-wrap\" data-name=\"Message\"><textarea cols=\"40\" rows=\"10\" maxlength=\"2000\" class=\"wpcf7-form-control wpcf7-textarea wpcf7-validates-as-required Message\" id=\"Message\" aria-required=\"true\" aria-invalid=\"false\" placeholder=\"*Message\" name=\"Message\"><\/textarea><\/span>\n\t<\/p>\n<\/div>\n<div align=\"center\">\n\t<p><input class=\"wpcf7-form-control wpcf7-submit has-spinner\" id=\"Send\" type=\"submit\" value=\"Envoyer\" \/>\n\t<\/p>\n<\/div>\n<p>* Obligatoire\n<\/p><p style=\"display: none !important;\" class=\"akismet-fields-container\" data-prefix=\"_wpcf7_ak_\"><label>\u0394<textarea name=\"_wpcf7_ak_hp_textarea\" cols=\"45\" rows=\"8\" maxlength=\"100\"><\/textarea><\/label><input type=\"hidden\" id=\"ak_js_1\" name=\"_wpcf7_ak_js\" value=\"35\"\/><script>document.getElementById( \"ak_js_1\" ).setAttribute( \"value\", ( new Date() ).getTime() );<\/script><\/p><div class=\"fusion-alert alert custom alert-custom fusion-alert-center wpcf7-response-output awb-alert-native-link-color alert-dismissable awb-alert-close-boxed\" style=\"--awb-border-size:1px;--awb-border-top-left-radius:0px;--awb-border-top-right-radius:0px;--awb-border-bottom-left-radius:0px;--awb-border-bottom-right-radius:0px;\" role=\"alert\"><div class=\"fusion-alert-content-wrapper\"><span class=\"fusion-alert-content\"><\/span><\/div><button type=\"button\" class=\"close toggle-alert\" data-dismiss=\"alert\" aria-label=\"Fermer\">\u00d7<\/button><\/div>\n<input type=\"hidden\" name=\"trp-form-language\" value=\"fr\"\/><\/form>\n<\/div>\n<\/div><\/div><div class=\"fusion-layout-column fusion_builder_column fusion-builder-column-2 fusion_builder_column_2_5 2_5 fusion-flex-column\" style=\"--awb-padding-top:30px;--awb-padding-right:20px;--awb-padding-bottom:30px;--awb-padding-left:20px;--awb-overflow:hidden;--awb-bg-color:#f9f9fb;--awb-bg-color-hover:#f9f9fb;--awb-bg-size:cover;--awb-border-radius:10px 10px 10px 10px;--awb-width-large:40%;--awb-margin-top-large:0px;--awb-spacing-right-large:4.8%;--awb-margin-bottom-large:0px;--awb-spacing-left-large:4.8%;--awb-width-medium:40%;--awb-order-medium:0;--awb-spacing-right-medium:4.8%;--awb-spacing-left-medium:4.8%;--awb-width-small:100%;--awb-order-small:0;--awb-spacing-right-small:1.92%;--awb-spacing-left-small:1.92%;\" data-scroll-devices=\"small-visibility,medium-visibility,large-visibility\"><div class=\"fusion-column-wrapper fusion-column-has-shadow fusion-flex-justify-content-flex-start fusion-content-layout-column\"><div class=\"fusion-title title fusion-title-3 fusion-sep-none fusion-title-text fusion-title-size-four\" style=\"--awb-text-color:var(--awb-color5);--awb-margin-top:15px;\"><h4 class=\"fusion-title-heading title-heading-left fusion-responsive-typography-calculated\" style=\"margin:0;--fontSize:24;line-height:var(--awb-typography1-line-height);\"><strong>Informations sur le contact<\/strong><\/h4><\/div><ul style=\"--awb-size:13px;--awb-margin-top:10px;--awb-margin-bottom:10px;--awb-item-padding-top:10px;--awb-item-padding-bottom:10px;--awb-textcolor:var(--awb-color5);--awb-line-height:22.1px;--awb-icon-width:22.1px;--awb-icon-height:22.1px;--awb-icon-margin:9.1px;--awb-content-margin:31.2px;--awb-circlecolor:var(--awb-color5);--awb-circle-yes-font-size:11.44px;\" class=\"fusion-checklist fusion-checklist-1 type-icons\"><li class=\"fusion-li-item\" style=\"\"><span class=\"icon-wrapper circle-yes\"><i class=\"fusion-li-icon fa-envelope fas\" aria-hidden=\"true\"><\/i><\/span><div class=\"fusion-li-item-content\">\n<p><strong>Courrier \u00e9lectronique<\/strong>: <span style=\"color: #2853a0;\"><a style=\"color: #2853a0;\" href=\"mailto:melissa@kfnmsz.com\">melissa@kfnmsz.com<\/a><\/span><\/p>\n<\/div><\/li><li class=\"fusion-li-item\" style=\"\"><span class=\"icon-wrapper circle-yes\"><i class=\"fusion-li-icon fa-phone-alt fas\" aria-hidden=\"true\"><\/i><\/span><div class=\"fusion-li-item-content\">\n<div class=\"kt-infobox-textcontent\">\n<p><strong>T\u00e9l<\/strong>: +86 755 8291 0699<\/p>\n<\/div>\n<\/div><\/li><li class=\"fusion-li-item\" style=\"\"><span class=\"icon-wrapper circle-yes\"><i class=\"fusion-li-icon fa-mobile-alt fas\" aria-hidden=\"true\"><\/i><\/span><div class=\"fusion-li-item-content\">\n<p><strong>Num\u00e9ro de t\u00e9l\u00e9phone<\/strong>:<br \/>\n+86 191 6890 3319<\/p>\n<\/div><\/li><li class=\"fusion-li-item\" style=\"\"><span class=\"icon-wrapper circle-yes\"><i class=\"fusion-li-icon fa-whatsapp fab\" aria-hidden=\"true\"><\/i><\/span><div class=\"fusion-li-item-content\">\n<p><strong>Whatsapp<\/strong>: <span style=\"color: #2853a0;\"><a style=\"color: #2853a0;\" href=\"https:\/\/wa.me\/+8619168903319\" target=\"_blank\" rel=\"noopener\" aria-label=\"whatsapp\">+86 8619168903319<\/a><\/span><\/p>\n<\/div><\/li><li class=\"fusion-li-item\" style=\"\"><span class=\"icon-wrapper circle-yes\"><i class=\"fusion-li-icon fa-map-marked-alt fas\" aria-hidden=\"true\"><\/i><\/span><div class=\"fusion-li-item-content\"><strong>Adresse<\/strong>:<br \/>\n3D01, Block CD, Tianji Building, Tianan Digital City, Futian District, Shenzhen city, Guangdong Province, China<\/div><\/li><li class=\"fusion-li-item\" style=\"\"><span class=\"icon-wrapper circle-yes\"><i class=\"fusion-li-icon fa-building fas\" aria-hidden=\"true\"><\/i><\/span><div class=\"fusion-li-item-content\">\n<p><strong>Entreprise<\/strong>: Shen Zhen Keyful New materials Co, Ltd.<\/p>\n<\/div><\/li><\/ul><\/div><\/div><\/div><\/div>","protected":false},"excerpt":{"rendered":"","protected":false},"author":1,"featured_media":0,"parent":0,"menu_order":0,"comment_status":"closed","ping_status":"closed","template":"","meta":{"footnotes":""},"class_list":["post-43","page","type-page","status-publish","hentry"],"yoast_head":"<!-- This site is optimized with the Yoast SEO plugin v27.4 - https:\/\/yoast.com\/product\/yoast-seo-wordpress\/ -->\n<title>Contact Us - KEYFUL<\/title>\n<meta name=\"robots\" content=\"index, follow, max-snippet:-1, max-image-preview:large, max-video-preview:-1\" \/>\n<link rel=\"canonical\" href=\"https:\/\/www.keyfulgroup.com\/fr\/contact-us\/\" \/>\n<meta property=\"og:locale\" content=\"fr_FR\" \/>\n<meta property=\"og:type\" content=\"article\" \/>\n<meta property=\"og:title\" content=\"Contact Us - KEYFUL\" \/>\n<meta property=\"og:url\" content=\"https:\/\/www.keyfulgroup.com\/fr\/contact-us\/\" \/>\n<meta property=\"og:site_name\" content=\"KEYFUL\" \/>\n<meta property=\"article:modified_time\" content=\"2026-01-22T09:53:57+00:00\" \/>\n<meta name=\"twitter:card\" content=\"summary_large_image\" \/>\n<meta name=\"twitter:label1\" content=\"Dur\u00e9e de lecture estim\u00e9e\" \/>\n\t<meta name=\"twitter:data1\" content=\"15 minutes\" \/>\n<script type=\"application\/ld+json\" class=\"yoast-schema-graph\">{\"@context\":\"https:\\\/\\\/schema.org\",\"@graph\":[{\"@type\":\"WebPage\",\"@id\":\"https:\\\/\\\/www.keyfulgroup.com\\\/contact-us\\\/\",\"url\":\"https:\\\/\\\/www.keyfulgroup.com\\\/contact-us\\\/\",\"name\":\"Contact Us - KEYFUL\",\"isPartOf\":{\"@id\":\"https:\\\/\\\/www.keyfulgroup.com\\\/#website\"},\"datePublished\":\"2026-01-09T08:34:57+00:00\",\"dateModified\":\"2026-01-22T09:53:57+00:00\",\"breadcrumb\":{\"@id\":\"https:\\\/\\\/www.keyfulgroup.com\\\/contact-us\\\/#breadcrumb\"},\"inLanguage\":\"fr-FR\",\"potentialAction\":[{\"@type\":\"ReadAction\",\"target\":[\"https:\\\/\\\/www.keyfulgroup.com\\\/contact-us\\\/\"]}]},{\"@type\":\"BreadcrumbList\",\"@id\":\"https:\\\/\\\/www.keyfulgroup.com\\\/contact-us\\\/#breadcrumb\",\"itemListElement\":[{\"@type\":\"ListItem\",\"position\":1,\"name\":\"Home\",\"item\":\"https:\\\/\\\/www.keyfulgroup.com\\\/\"},{\"@type\":\"ListItem\",\"position\":2,\"name\":\"Contact Us\"}]},{\"@type\":\"WebSite\",\"@id\":\"https:\\\/\\\/www.keyfulgroup.com\\\/#website\",\"url\":\"https:\\\/\\\/www.keyfulgroup.com\\\/\",\"name\":\"Kaifeng\",\"description\":\"\",\"publisher\":{\"@id\":\"https:\\\/\\\/www.keyfulgroup.com\\\/#organization\"},\"potentialAction\":[{\"@type\":\"SearchAction\",\"target\":{\"@type\":\"EntryPoint\",\"urlTemplate\":\"https:\\\/\\\/www.keyfulgroup.com\\\/?s={search_term_string}\"},\"query-input\":{\"@type\":\"PropertyValueSpecification\",\"valueRequired\":true,\"valueName\":\"search_term_string\"}}],\"inLanguage\":\"fr-FR\"},{\"@type\":\"Organization\",\"@id\":\"https:\\\/\\\/www.keyfulgroup.com\\\/#organization\",\"name\":\"Kaifeng\",\"url\":\"https:\\\/\\\/www.keyfulgroup.com\\\/\",\"logo\":{\"@type\":\"ImageObject\",\"inLanguage\":\"fr-FR\",\"@id\":\"https:\\\/\\\/www.keyfulgroup.com\\\/#\\\/schema\\\/logo\\\/image\\\/\",\"url\":\"https:\\\/\\\/www.keyfulgroup.com\\\/wp-content\\\/uploads\\\/2026\\\/01\\\/Kaifeng-Logo.avif\",\"contentUrl\":\"https:\\\/\\\/www.keyfulgroup.com\\\/wp-content\\\/uploads\\\/2026\\\/01\\\/Kaifeng-Logo.avif\",\"width\":512,\"height\":512,\"caption\":\"Kaifeng\"},\"image\":{\"@id\":\"https:\\\/\\\/www.keyfulgroup.com\\\/#\\\/schema\\\/logo\\\/image\\\/\"}}]}<\/script>\n<!-- \/ Yoast SEO plugin. -->","yoast_head_json":{"title":"Nous contacter - KEYFUL","robots":{"index":"index","follow":"follow","max-snippet":"max-snippet:-1","max-image-preview":"max-image-preview:large","max-video-preview":"max-video-preview:-1"},"canonical":"https:\/\/www.keyfulgroup.com\/fr\/contact-us\/","og_locale":"fr_FR","og_type":"article","og_title":"Contact Us - KEYFUL","og_url":"https:\/\/www.keyfulgroup.com\/fr\/contact-us\/","og_site_name":"KEYFUL","article_modified_time":"2026-01-22T09:53:57+00:00","twitter_card":"summary_large_image","twitter_misc":{"Dur\u00e9e de lecture estim\u00e9e":"15 minutes"},"schema":{"@context":"https:\/\/schema.org","@graph":[{"@type":"WebPage","@id":"https:\/\/www.keyfulgroup.com\/contact-us\/","url":"https:\/\/www.keyfulgroup.com\/contact-us\/","name":"Nous contacter - KEYFUL","isPartOf":{"@id":"https:\/\/www.keyfulgroup.com\/#website"},"datePublished":"2026-01-09T08:34:57+00:00","dateModified":"2026-01-22T09:53:57+00:00","breadcrumb":{"@id":"https:\/\/www.keyfulgroup.com\/contact-us\/#breadcrumb"},"inLanguage":"fr-FR","potentialAction":[{"@type":"ReadAction","target":["https:\/\/www.keyfulgroup.com\/contact-us\/"]}]},{"@type":"BreadcrumbList","@id":"https:\/\/www.keyfulgroup.com\/contact-us\/#breadcrumb","itemListElement":[{"@type":"ListItem","position":1,"name":"Home","item":"https:\/\/www.keyfulgroup.com\/"},{"@type":"ListItem","position":2,"name":"Contact Us"}]},{"@type":"WebSite","@id":"https:\/\/www.keyfulgroup.com\/#website","url":"https:\/\/www.keyfulgroup.com\/","name":"Kaifeng","description":"","publisher":{"@id":"https:\/\/www.keyfulgroup.com\/#organization"},"potentialAction":[{"@type":"SearchAction","target":{"@type":"EntryPoint","urlTemplate":"https:\/\/www.keyfulgroup.com\/?s={search_term_string}"},"query-input":{"@type":"PropertyValueSpecification","valueRequired":true,"valueName":"search_term_string"}}],"inLanguage":"fr-FR"},{"@type":"Organization","@id":"https:\/\/www.keyfulgroup.com\/#organization","name":"Kaifeng","url":"https:\/\/www.keyfulgroup.com\/","logo":{"@type":"ImageObject","inLanguage":"fr-FR","@id":"https:\/\/www.keyfulgroup.com\/#\/schema\/logo\/image\/","url":"https:\/\/www.keyfulgroup.com\/wp-content\/uploads\/2026\/01\/Kaifeng-Logo.avif","contentUrl":"https:\/\/www.keyfulgroup.com\/wp-content\/uploads\/2026\/01\/Kaifeng-Logo.avif","width":512,"height":512,"caption":"Kaifeng"},"image":{"@id":"https:\/\/www.keyfulgroup.com\/#\/schema\/logo\/image\/"}}]}},"_links":{"self":[{"href":"https:\/\/www.keyfulgroup.com\/fr\/wp-json\/wp\/v2\/pages\/43","targetHints":{"allow":["GET"]}}],"collection":[{"href":"https:\/\/www.keyfulgroup.com\/fr\/wp-json\/wp\/v2\/pages"}],"about":[{"href":"https:\/\/www.keyfulgroup.com\/fr\/wp-json\/wp\/v2\/types\/page"}],"author":[{"embeddable":true,"href":"https:\/\/www.keyfulgroup.com\/fr\/wp-json\/wp\/v2\/users\/1"}],"replies":[{"embeddable":true,"href":"https:\/\/www.keyfulgroup.com\/fr\/wp-json\/wp\/v2\/comments?post=43"}],"version-history":[{"count":12,"href":"https:\/\/www.keyfulgroup.com\/fr\/wp-json\/wp\/v2\/pages\/43\/revisions"}],"predecessor-version":[{"id":315,"href":"https:\/\/www.keyfulgroup.com\/fr\/wp-json\/wp\/v2\/pages\/43\/revisions\/315"}],"wp:attachment":[{"href":"https:\/\/www.keyfulgroup.com\/fr\/wp-json\/wp\/v2\/media?parent=43"}],"curies":[{"name":"wp","href":"https:\/\/api.w.org\/{rel}","templated":true}]}}