{"id":37,"date":"2026-01-09T16:34:26","date_gmt":"2026-01-09T08:34:26","guid":{"rendered":"https:\/\/test.keyfulgroup.com\/?page_id=37"},"modified":"2026-04-17T13:38:48","modified_gmt":"2026-04-17T05:38:48","slug":"sustainability","status":"publish","type":"page","link":"https:\/\/www.keyfulgroup.com\/fr\/sustainability\/","title":{"rendered":"Durabilit\u00e9"},"content":{"rendered":"","protected":false},"excerpt":{"rendered":"","protected":false},"author":1,"featured_media":0,"parent":0,"menu_order":0,"comment_status":"closed","ping_status":"closed","template":"","meta":{"footnotes":""},"class_list":["post-37","page","type-page","status-publish","hentry"],"yoast_head":"<!-- This site is optimized with the Yoast SEO plugin v27.4 - https:\/\/yoast.com\/product\/yoast-seo-wordpress\/ -->\n<title>Sustainability &amp; Circular Economy Solutions | Bio-based Films | KEYFUL<\/title>\n<meta name=\"description\" content=\"KEYFUL\u2019s circular economy path. Certified OK Compost &amp; BPI films for carbon-neutral packaging. Sustainable OEM\/ODM manufacturing for a green future\" \/>\n<meta name=\"robots\" content=\"index, follow, max-snippet:-1, max-image-preview:large, max-video-preview:-1\" \/>\n<link rel=\"canonical\" href=\"https:\/\/www.keyfulgroup.com\/fr\/sustainability\/\" \/>\n<meta property=\"og:locale\" content=\"fr_FR\" \/>\n<meta property=\"og:type\" content=\"article\" \/>\n<meta property=\"og:title\" content=\"Sustainability &amp; Circular Economy Solutions | Bio-based Films | KEYFUL\" \/>\n<meta property=\"og:description\" content=\"KEYFUL\u2019s circular economy path. Certified OK Compost &amp; BPI films for carbon-neutral packaging. Sustainable OEM\/ODM manufacturing for a green future\" \/>\n<meta property=\"og:url\" content=\"https:\/\/www.keyfulgroup.com\/fr\/sustainability\/\" \/>\n<meta property=\"og:site_name\" content=\"KEYFUL\" \/>\n<meta property=\"article:modified_time\" content=\"2026-04-17T05:38:48+00:00\" \/>\n<meta name=\"twitter:card\" content=\"summary_large_image\" \/>\n<script type=\"application\/ld+json\" class=\"yoast-schema-graph\">{\"@context\":\"https:\\\/\\\/schema.org\",\"@graph\":[{\"@type\":\"WebPage\",\"@id\":\"https:\\\/\\\/www.keyfulgroup.com\\\/sustainability\\\/\",\"url\":\"https:\\\/\\\/www.keyfulgroup.com\\\/sustainability\\\/\",\"name\":\"Sustainability & Circular Economy Solutions | Bio-based Films | KEYFUL\",\"isPartOf\":{\"@id\":\"https:\\\/\\\/www.keyfulgroup.com\\\/#website\"},\"datePublished\":\"2026-01-09T08:34:26+00:00\",\"dateModified\":\"2026-04-17T05:38:48+00:00\",\"description\":\"KEYFUL\u2019s circular economy path. Certified OK Compost & BPI films for carbon-neutral packaging. Sustainable OEM\\\/ODM manufacturing for a green future\",\"breadcrumb\":{\"@id\":\"https:\\\/\\\/www.keyfulgroup.com\\\/sustainability\\\/#breadcrumb\"},\"inLanguage\":\"fr-FR\",\"potentialAction\":[{\"@type\":\"ReadAction\",\"target\":[\"https:\\\/\\\/www.keyfulgroup.com\\\/sustainability\\\/\"]}]},{\"@type\":\"BreadcrumbList\",\"@id\":\"https:\\\/\\\/www.keyfulgroup.com\\\/sustainability\\\/#breadcrumb\",\"itemListElement\":[{\"@type\":\"ListItem\",\"position\":1,\"name\":\"Home\",\"item\":\"https:\\\/\\\/www.keyfulgroup.com\\\/\"},{\"@type\":\"ListItem\",\"position\":2,\"name\":\"Sustainability\"}]},{\"@type\":\"WebSite\",\"@id\":\"https:\\\/\\\/www.keyfulgroup.com\\\/#website\",\"url\":\"https:\\\/\\\/www.keyfulgroup.com\\\/\",\"name\":\"Kaifeng\",\"description\":\"\",\"publisher\":{\"@id\":\"https:\\\/\\\/www.keyfulgroup.com\\\/#organization\"},\"potentialAction\":[{\"@type\":\"SearchAction\",\"target\":{\"@type\":\"EntryPoint\",\"urlTemplate\":\"https:\\\/\\\/www.keyfulgroup.com\\\/?s={search_term_string}\"},\"query-input\":{\"@type\":\"PropertyValueSpecification\",\"valueRequired\":true,\"valueName\":\"search_term_string\"}}],\"inLanguage\":\"fr-FR\"},{\"@type\":\"Organization\",\"@id\":\"https:\\\/\\\/www.keyfulgroup.com\\\/#organization\",\"name\":\"Kaifeng\",\"url\":\"https:\\\/\\\/www.keyfulgroup.com\\\/\",\"logo\":{\"@type\":\"ImageObject\",\"inLanguage\":\"fr-FR\",\"@id\":\"https:\\\/\\\/www.keyfulgroup.com\\\/#\\\/schema\\\/logo\\\/image\\\/\",\"url\":\"https:\\\/\\\/www.keyfulgroup.com\\\/wp-content\\\/uploads\\\/2026\\\/01\\\/Kaifeng-Logo.avif\",\"contentUrl\":\"https:\\\/\\\/www.keyfulgroup.com\\\/wp-content\\\/uploads\\\/2026\\\/01\\\/Kaifeng-Logo.avif\",\"width\":512,\"height\":512,\"caption\":\"Kaifeng\"},\"image\":{\"@id\":\"https:\\\/\\\/www.keyfulgroup.com\\\/#\\\/schema\\\/logo\\\/image\\\/\"}}]}<\/script>\n<!-- \/ Yoast SEO plugin. -->","yoast_head_json":{"title":"Solutions pour le d\u00e9veloppement durable et l'\u00e9conomie circulaire | Films biosourc\u00e9s | KEYFUL","description":"La voie de l'\u00e9conomie circulaire de KEYFUL. Films certifi\u00e9s OK Compost et BPI pour des emballages neutres en carbone. Fabrication OEM\/ODM durable pour un avenir vert","robots":{"index":"index","follow":"follow","max-snippet":"max-snippet:-1","max-image-preview":"max-image-preview:large","max-video-preview":"max-video-preview:-1"},"canonical":"https:\/\/www.keyfulgroup.com\/fr\/sustainability\/","og_locale":"fr_FR","og_type":"article","og_title":"Sustainability & Circular Economy Solutions | Bio-based Films | KEYFUL","og_description":"KEYFUL\u2019s circular economy path. Certified OK Compost & BPI films for carbon-neutral packaging. Sustainable OEM\/ODM manufacturing for a green future","og_url":"https:\/\/www.keyfulgroup.com\/fr\/sustainability\/","og_site_name":"KEYFUL","article_modified_time":"2026-04-17T05:38:48+00:00","twitter_card":"summary_large_image","schema":{"@context":"https:\/\/schema.org","@graph":[{"@type":"WebPage","@id":"https:\/\/www.keyfulgroup.com\/sustainability\/","url":"https:\/\/www.keyfulgroup.com\/sustainability\/","name":"Solutions pour le d\u00e9veloppement durable et l'\u00e9conomie circulaire | Films biosourc\u00e9s | KEYFUL","isPartOf":{"@id":"https:\/\/www.keyfulgroup.com\/#website"},"datePublished":"2026-01-09T08:34:26+00:00","dateModified":"2026-04-17T05:38:48+00:00","description":"La voie de l'\u00e9conomie circulaire de KEYFUL. Films certifi\u00e9s OK Compost et BPI pour des emballages neutres en carbone. Fabrication OEM\/ODM durable pour un avenir vert","breadcrumb":{"@id":"https:\/\/www.keyfulgroup.com\/sustainability\/#breadcrumb"},"inLanguage":"fr-FR","potentialAction":[{"@type":"ReadAction","target":["https:\/\/www.keyfulgroup.com\/sustainability\/"]}]},{"@type":"BreadcrumbList","@id":"https:\/\/www.keyfulgroup.com\/sustainability\/#breadcrumb","itemListElement":[{"@type":"ListItem","position":1,"name":"Home","item":"https:\/\/www.keyfulgroup.com\/"},{"@type":"ListItem","position":2,"name":"Sustainability"}]},{"@type":"WebSite","@id":"https:\/\/www.keyfulgroup.com\/#website","url":"https:\/\/www.keyfulgroup.com\/","name":"Kaifeng","description":"","publisher":{"@id":"https:\/\/www.keyfulgroup.com\/#organization"},"potentialAction":[{"@type":"SearchAction","target":{"@type":"EntryPoint","urlTemplate":"https:\/\/www.keyfulgroup.com\/?s={search_term_string}"},"query-input":{"@type":"PropertyValueSpecification","valueRequired":true,"valueName":"search_term_string"}}],"inLanguage":"fr-FR"},{"@type":"Organization","@id":"https:\/\/www.keyfulgroup.com\/#organization","name":"Kaifeng","url":"https:\/\/www.keyfulgroup.com\/","logo":{"@type":"ImageObject","inLanguage":"fr-FR","@id":"https:\/\/www.keyfulgroup.com\/#\/schema\/logo\/image\/","url":"https:\/\/www.keyfulgroup.com\/wp-content\/uploads\/2026\/01\/Kaifeng-Logo.avif","contentUrl":"https:\/\/www.keyfulgroup.com\/wp-content\/uploads\/2026\/01\/Kaifeng-Logo.avif","width":512,"height":512,"caption":"Kaifeng"},"image":{"@id":"https:\/\/www.keyfulgroup.com\/#\/schema\/logo\/image\/"}}]}},"_links":{"self":[{"href":"https:\/\/www.keyfulgroup.com\/fr\/wp-json\/wp\/v2\/pages\/37","targetHints":{"allow":["GET"]}}],"collection":[{"href":"https:\/\/www.keyfulgroup.com\/fr\/wp-json\/wp\/v2\/pages"}],"about":[{"href":"https:\/\/www.keyfulgroup.com\/fr\/wp-json\/wp\/v2\/types\/page"}],"author":[{"embeddable":true,"href":"https:\/\/www.keyfulgroup.com\/fr\/wp-json\/wp\/v2\/users\/1"}],"replies":[{"embeddable":true,"href":"https:\/\/www.keyfulgroup.com\/fr\/wp-json\/wp\/v2\/comments?post=37"}],"version-history":[{"count":1,"href":"https:\/\/www.keyfulgroup.com\/fr\/wp-json\/wp\/v2\/pages\/37\/revisions"}],"predecessor-version":[{"id":39,"href":"https:\/\/www.keyfulgroup.com\/fr\/wp-json\/wp\/v2\/pages\/37\/revisions\/39"}],"wp:attachment":[{"href":"https:\/\/www.keyfulgroup.com\/fr\/wp-json\/wp\/v2\/media?parent=37"}],"curies":[{"name":"wp","href":"https:\/\/api.w.org\/{rel}","templated":true}]}}