{"id":3,"date":"2026-01-08T09:47:44","date_gmt":"2026-01-08T09:47:44","guid":{"rendered":"https:\/\/test.keyfulgroup.com\/?page_id=3"},"modified":"2026-01-09T16:30:22","modified_gmt":"2026-01-09T08:30:22","slug":"privacy-policy","status":"publish","type":"page","link":"https:\/\/www.keyfulgroup.com\/fr\/privacy-policy\/","title":{"rendered":"Politique de confidentialit\u00e9"},"content":{"rendered":"<div class=\"fusion-title title fusion-title-1 fusion-sep-none fusion-title-center fusion-title-text fusion-title-size-five\">\r\n<h5 class=\"fusion-title-heading title-heading-center wp-block-heading\" style=\"text-align: center;\">Politique de confidentialit\u00e9<\/h5>\r\n<\/div>\r\n<div class=\"fusion-text fusion-text-1\">\r\n<p>Heure de mise \u00e0 jour : 2025<br \/>Dur\u00e9e de validit\u00e9 : de 2025 \u00e0 permanente<br \/>Note : Cet accord est valable pour une dur\u00e9e ind\u00e9termin\u00e9e.<br \/>Nous avons l'intention d'am\u00e9liorer le service pour tout le monde sur notre site web, nous recueillons et utilisons des informations vous concernant, notre site web et notre site web.<br \/>- les visiteurs de nos sites web ou toute personne nous contactant<br \/>La pr\u00e9sente politique de confidentialit\u00e9 vous aidera \u00e0 mieux comprendre comment nous recueillons, utilisons et partageons vos informations personnelles. Si nous modifions nos pratiques en mati\u00e8re de protection de la vie priv\u00e9e, nous pourrons mettre \u00e0 jour cette politique. Si les changements sont importants, nous vous en informerons par courrier \u00e9lectronique<\/p>\r\n<h5>Nos principes de base<\/h5>\r\n<p>- Vos informations vous appartiennent<br \/>Nous analysons soigneusement les types d'informations dont nous avons besoin pour fournir nos services et nous nous effor\u00e7ons de limiter les informations que nous recueillons \u00e0 ce dont nous avons r\u00e9ellement besoin. Dans la mesure du possible, nous supprimons ou anonymisons ces informations lorsque nous n'en avons plus besoin. Lors de la conception et de l'am\u00e9lioration de nos produits, nos ing\u00e9nieurs travaillent en \u00e9troite collaboration avec nos \u00e9quipes charg\u00e9es de la protection de la vie priv\u00e9e et de la s\u00e9curit\u00e9 afin de prendre en compte la question de la protection de la vie priv\u00e9e. Dans tout ce travail, notre principe directeur est que vos informations vous appartiennent et que nous nous effor\u00e7ons de ne les utiliser qu'\u00e0 votre avantage.<br \/>- Nous prot\u00e9geons vos informations contre les tiers<br \/>Si un tiers demande vos informations personnelles, nous refuserons de les partager, sauf si vous nous en donnez l'autorisation ou si nous sommes l\u00e9galement tenus de le faire. Si nous sommes l\u00e9galement tenus de partager vos informations personnelles, nous vous en informerons \u00e0 l'avance, \u00e0 moins que la loi ne nous l'interdise.<br \/>- Nous r\u00e9pondrons aux questions relatives \u00e0 la protection de la vie priv\u00e9e que nous recevrons.<\/p>\r\n<h5>Quelles sont les informations que nous recueillons \u00e0 votre sujet et pourquoi ?<\/h5>\r\n<p>Nous recueillons des informations personnelles lorsque vous vous inscrivez sur notre site web, lorsque vous utilisez notre plateforme ou lorsque vous nous fournissez des informations d'une autre mani\u00e8re. Nous pouvons \u00e9galement faire appel \u00e0 des prestataires de services tiers pour nous aider \u00e0 vous fournir d'autres services. En g\u00e9n\u00e9ral, nous avons besoin de ces informations pour que vous puissiez utiliser notre plateforme.<br \/>- Pour vous permettre d'utiliser notre plateforme et d'autres services connexes (par exemple, pour confirmer votre identit\u00e9, pour vous contacter au sujet de probl\u00e8mes li\u00e9s \u00e0 la plateforme), ou pour se conformer aux exigences l\u00e9gales, ou pour emp\u00eacher l'utilisation frauduleuse de nos services, vous nous fournissez des informations sur vous et votre entreprise, telles que votre nom, le type d'entreprise, la province et la ville, l'adresse compl\u00e8te, la licence d'exploitation, le code de cr\u00e9dit social, le num\u00e9ro d'identification du contribuable, le nom du repr\u00e9sentant l\u00e9gal.<\/p>\r\n<h5>Pourquoi traitons-nous vos informations ?<\/h5>\r\n<p>Nous traitons g\u00e9n\u00e9ralement vos informations lorsque nous devons le faire pour remplir une obligation contractuelle, ou lorsque nous ou une personne avec laquelle nous travaillons avons besoin d'utiliser vos informations personnelles pour une raison li\u00e9e \u00e0 leur activit\u00e9 (par exemple, pour vous fournir un service), y compris :<br \/>- effectuer des recherches et des transactions<br \/>- la pr\u00e9vention des risques et de la fraude<br \/>- r\u00e9pondre \u00e0 des questions ou fournir d'autres types d'assistance<br \/>- fournir et am\u00e9liorer nos produits et services<br \/>- fournir des rapports et des analyses<br \/>- tester des fonctionnalit\u00e9s ou des services suppl\u00e9mentaires<br \/>- aide au marketing, \u00e0 la publicit\u00e9 ou \u00e0 d'autres communications<br \/>Nous ne traitons les informations personnelles dans les situations susmentionn\u00e9es qu'apr\u00e8s avoir pris en compte les risques potentiels pour votre vie priv\u00e9e, par exemple en assurant une transparence claire de nos pratiques en mati\u00e8re de protection de la vie priv\u00e9e, en vous offrant un contr\u00f4le sur vos informations personnelles le cas \u00e9ch\u00e9ant, en limitant les informations que nous conservons, en limitant ce que nous faisons de vos informations, \u00e0 qui nous envoyons vos informations, combien de temps nous conservons vos informations, ou les mesures techniques que nous utilisons pour prot\u00e9ger vos informations. En g\u00e9n\u00e9ral, nous conservons vos informations pendant trois ans.<br \/>Nous pouvons traiter vos informations personnelles lorsque vous avez donn\u00e9 votre consentement. En particulier, lorsque nous ne pouvons pas nous appuyer sur une autre base juridique pour le traitement, lorsque vos donn\u00e9es proviennent d'une source et qu'elles sont d\u00e9j\u00e0 accompagn\u00e9es d'un consentement ou lorsque nous sommes tenus par la loi de vous demander votre consentement dans le cadre de certaines de nos activit\u00e9s de vente et de marketing. \u00c0 tout moment, vous avez le droit de retirer votre consentement en modifiant vos choix de communication, en vous d\u00e9sinscrivant de nos communications ou en nous contactant.<\/p>\r\n<h5>Vos droits sur vos informations<\/h5>\r\n<p>Nous pensons que vous devriez pouvoir acc\u00e9der \u00e0 vos informations personnelles et les contr\u00f4ler, quel que soit votre lieu de r\u00e9sidence. Selon la mani\u00e8re dont vous utilisez notre site web, vous pouvez avoir le droit de demander l'acc\u00e8s \u00e0 vos informations personnelles, de les corriger, de les modifier, de les supprimer, de les transf\u00e9rer \u00e0 un autre fournisseur de services, de les restreindre ou de vous opposer \u00e0 certaines utilisations (par exemple, le marketing direct). Nous ne vous facturerons pas plus ou ne vous fournirons pas un niveau de service diff\u00e9rent si vous exercez l'un de ces droits.<br \/>Veuillez noter que si vous nous envoyez une demande relative \u00e0 vos informations personnelles, nous devons nous assurer qu'il s'agit bien de vous avant de pouvoir y r\u00e9pondre. Pour ce faire, nous pouvons faire appel \u00e0 un tiers pour collecter et v\u00e9rifier les documents d'identification.<br \/>Si vous n'\u00eates pas satisfait de notre r\u00e9ponse \u00e0 une demande, vous pouvez nous contacter pour r\u00e9soudre le probl\u00e8me. Vous avez \u00e9galement le droit de contacter \u00e0 tout moment votre autorit\u00e9 locale charg\u00e9e de la protection des donn\u00e9es ou de la vie priv\u00e9e.<\/p>\r\n<h5>O\u00f9 nous envoyons vos informations<\/h5>\r\n<p>Nous sommes une soci\u00e9t\u00e9 chinoise (3D01, Block CD, Tianji Building, Tianan Digital City, Futian District, Shenzhen city, Guangdong Province China). Pour exercer nos activit\u00e9s, nous pouvons envoyer vos informations personnelles en dehors de votre \u00c9tat, province ou pays, notamment en les transmettant \u00e0 des serveurs d\u00e9ploy\u00e9s par nos prestataires de services en Chine ou \u00e0 Singapour. Ces donn\u00e9es peuvent \u00eatre soumises aux lois des pays o\u00f9 nous les envoyons. Lorsque nous envoyons vos informations au-del\u00e0 des fronti\u00e8res, nous prenons des mesures pour les prot\u00e9ger et nous nous effor\u00e7ons de ne les envoyer qu'\u00e0 des pays dot\u00e9s de lois strictes en mati\u00e8re de protection des donn\u00e9es.<br \/>Bien que nous fassions tout ce qui est en notre pouvoir pour prot\u00e9ger vos informations, nous pouvons parfois \u00eatre l\u00e9galement tenus de divulguer vos informations personnelles (par exemple, si nous recevons une ordonnance valide d'un tribunal).<\/p>\r\n<h5>Quand et pourquoi nous partageons vos informations avec d'autres<\/h5>\r\n<p>Nous faisons appel \u00e0 des prestataires de services pour nous aider \u00e0 vous fournir des services. Ces services vous seront express\u00e9ment fournis sur la base de votre confirmation ou de votre consentement.<br \/>En dehors de ces fournisseurs de services, nous ne partagerons vos informations que si nous sommes l\u00e9galement tenus de le faire (par exemple, si nous recevons une injonction ou une citation \u00e0 compara\u00eetre juridiquement contraignante).<br \/>Si vous avez des questions sur la mani\u00e8re dont nous partageons vos informations personnelles, vous pouvez nous contacter.<\/p>\r\n<h5>Comment nous prot\u00e9geons vos informations<\/h5>\r\n<p>Nos \u00e9quipes travaillent sans rel\u00e2che pour prot\u00e9ger vos informations et garantir la s\u00e9curit\u00e9 et l'int\u00e9grit\u00e9 de notre plateforme. Nous faisons \u00e9galement appel \u00e0 des auditeurs ind\u00e9pendants pour \u00e9valuer la s\u00e9curit\u00e9 de notre stockage de donn\u00e9es et des syst\u00e8mes qui traitent les informations financi\u00e8res. Mais nous avons \u00e9galement achet\u00e9 un certificat SSL pour emp\u00eacher autant que possible la fuite des donn\u00e9es du site web. Cependant, nous savons tous qu'aucune m\u00e9thode de transmission sur Internet, ni aucune m\u00e9thode de stockage \u00e9lectronique, ne peut \u00eatre 100% s\u00fbre. Cela signifie que nous ne pouvons pas garantir la s\u00e9curit\u00e9 absolue de vos informations personnelles.<br \/>Vous trouverez plus d'informations sur nos mesures de s\u00e9curit\u00e9 sur notre site web.<\/p>\r\n<h5>Comment nous utilisons les \u201ccookies\u201d et autres technologies de suivi<\/h5>\r\n<p>Nous utilisons des cookies et des technologies de suivi similaires sur notre site web et lors de la fourniture de nos services. Pour plus d'informations sur la mani\u00e8re dont nous utilisons ces technologies, y compris une liste d'autres soci\u00e9t\u00e9s qui placent des cookies sur nos sites, et une explication de la mani\u00e8re dont vous pouvez refuser certains types de cookies, veuillez consulter notre Politique en mati\u00e8re de cookies.<\/p>\r\n<h5>Comment nous joindre<\/h5>\r\n<p>Si vous souhaitez poser une question, faire une demande ou vous plaindre de la mani\u00e8re dont nous traitons vos informations personnelles, veuillez nous contacter ou nous envoyer un courrier \u00e9lectronique \u00e0 l'adresse ci-dessous.<br \/>Nom : ShenZhen Keyful New materials Co, Ltd.<br \/>Adresse \u00e9lectronique :<a href=\"mailto:melissa@kfnmsz.com\">melissa@kfnmsz.com<\/a><\/p>\r\n<\/div>","protected":false},"excerpt":{"rendered":"<p>Privacy Policy Update Time: 2025Effective Time: 2025 to PermanentNote: This agreement is valid for permanentWe [&#8230;]<\/p>\n","protected":false},"author":1,"featured_media":0,"parent":0,"menu_order":0,"comment_status":"closed","ping_status":"open","template":"","meta":{"footnotes":""},"class_list":["post-3","page","type-page","status-publish","hentry"],"yoast_head":"<!-- This site is optimized with the Yoast SEO plugin v27.4 - https:\/\/yoast.com\/product\/yoast-seo-wordpress\/ -->\n<title>Privacy Policy - KEYFUL<\/title>\n<meta name=\"robots\" content=\"index, follow, max-snippet:-1, max-image-preview:large, max-video-preview:-1\" \/>\n<link rel=\"canonical\" href=\"https:\/\/www.keyfulgroup.com\/fr\/privacy-policy\/\" \/>\n<meta property=\"og:locale\" content=\"fr_FR\" \/>\n<meta property=\"og:type\" content=\"article\" \/>\n<meta property=\"og:title\" content=\"Privacy Policy - KEYFUL\" \/>\n<meta property=\"og:description\" content=\"Privacy Policy Update Time: 2025Effective Time: 2025 to PermanentNote: This agreement is valid for permanentWe [...]\" \/>\n<meta property=\"og:url\" content=\"https:\/\/www.keyfulgroup.com\/fr\/privacy-policy\/\" \/>\n<meta property=\"og:site_name\" content=\"KEYFUL\" \/>\n<meta property=\"article:modified_time\" content=\"2026-01-09T08:30:22+00:00\" \/>\n<meta name=\"twitter:card\" content=\"summary_large_image\" \/>\n<meta name=\"twitter:label1\" content=\"Dur\u00e9e de lecture estim\u00e9e\" \/>\n\t<meta name=\"twitter:data1\" content=\"6 minutes\" \/>\n<script type=\"application\/ld+json\" class=\"yoast-schema-graph\">{\"@context\":\"https:\\\/\\\/schema.org\",\"@graph\":[{\"@type\":\"WebPage\",\"@id\":\"https:\\\/\\\/www.keyfulgroup.com\\\/privacy-policy\\\/\",\"url\":\"https:\\\/\\\/www.keyfulgroup.com\\\/privacy-policy\\\/\",\"name\":\"Privacy Policy - KEYFUL\",\"isPartOf\":{\"@id\":\"https:\\\/\\\/www.keyfulgroup.com\\\/#website\"},\"datePublished\":\"2026-01-08T09:47:44+00:00\",\"dateModified\":\"2026-01-09T08:30:22+00:00\",\"breadcrumb\":{\"@id\":\"https:\\\/\\\/www.keyfulgroup.com\\\/privacy-policy\\\/#breadcrumb\"},\"inLanguage\":\"fr-FR\",\"potentialAction\":[{\"@type\":\"ReadAction\",\"target\":[\"https:\\\/\\\/www.keyfulgroup.com\\\/privacy-policy\\\/\"]}]},{\"@type\":\"BreadcrumbList\",\"@id\":\"https:\\\/\\\/www.keyfulgroup.com\\\/privacy-policy\\\/#breadcrumb\",\"itemListElement\":[{\"@type\":\"ListItem\",\"position\":1,\"name\":\"Home\",\"item\":\"https:\\\/\\\/www.keyfulgroup.com\\\/\"},{\"@type\":\"ListItem\",\"position\":2,\"name\":\"Privacy Policy\"}]},{\"@type\":\"WebSite\",\"@id\":\"https:\\\/\\\/www.keyfulgroup.com\\\/#website\",\"url\":\"https:\\\/\\\/www.keyfulgroup.com\\\/\",\"name\":\"Kaifeng\",\"description\":\"\",\"publisher\":{\"@id\":\"https:\\\/\\\/www.keyfulgroup.com\\\/#organization\"},\"potentialAction\":[{\"@type\":\"SearchAction\",\"target\":{\"@type\":\"EntryPoint\",\"urlTemplate\":\"https:\\\/\\\/www.keyfulgroup.com\\\/?s={search_term_string}\"},\"query-input\":{\"@type\":\"PropertyValueSpecification\",\"valueRequired\":true,\"valueName\":\"search_term_string\"}}],\"inLanguage\":\"fr-FR\"},{\"@type\":\"Organization\",\"@id\":\"https:\\\/\\\/www.keyfulgroup.com\\\/#organization\",\"name\":\"Kaifeng\",\"url\":\"https:\\\/\\\/www.keyfulgroup.com\\\/\",\"logo\":{\"@type\":\"ImageObject\",\"inLanguage\":\"fr-FR\",\"@id\":\"https:\\\/\\\/www.keyfulgroup.com\\\/#\\\/schema\\\/logo\\\/image\\\/\",\"url\":\"https:\\\/\\\/www.keyfulgroup.com\\\/wp-content\\\/uploads\\\/2026\\\/01\\\/Kaifeng-Logo.avif\",\"contentUrl\":\"https:\\\/\\\/www.keyfulgroup.com\\\/wp-content\\\/uploads\\\/2026\\\/01\\\/Kaifeng-Logo.avif\",\"width\":512,\"height\":512,\"caption\":\"Kaifeng\"},\"image\":{\"@id\":\"https:\\\/\\\/www.keyfulgroup.com\\\/#\\\/schema\\\/logo\\\/image\\\/\"}}]}<\/script>\n<!-- \/ Yoast SEO plugin. -->","yoast_head_json":{"title":"Politique de confidentialit\u00e9 - KEYFUL","robots":{"index":"index","follow":"follow","max-snippet":"max-snippet:-1","max-image-preview":"max-image-preview:large","max-video-preview":"max-video-preview:-1"},"canonical":"https:\/\/www.keyfulgroup.com\/fr\/privacy-policy\/","og_locale":"fr_FR","og_type":"article","og_title":"Privacy Policy - KEYFUL","og_description":"Privacy Policy Update Time: 2025Effective Time: 2025 to PermanentNote: This agreement is valid for permanentWe [...]","og_url":"https:\/\/www.keyfulgroup.com\/fr\/privacy-policy\/","og_site_name":"KEYFUL","article_modified_time":"2026-01-09T08:30:22+00:00","twitter_card":"summary_large_image","twitter_misc":{"Dur\u00e9e de lecture estim\u00e9e":"6 minutes"},"schema":{"@context":"https:\/\/schema.org","@graph":[{"@type":"WebPage","@id":"https:\/\/www.keyfulgroup.com\/privacy-policy\/","url":"https:\/\/www.keyfulgroup.com\/privacy-policy\/","name":"Politique de confidentialit\u00e9 - KEYFUL","isPartOf":{"@id":"https:\/\/www.keyfulgroup.com\/#website"},"datePublished":"2026-01-08T09:47:44+00:00","dateModified":"2026-01-09T08:30:22+00:00","breadcrumb":{"@id":"https:\/\/www.keyfulgroup.com\/privacy-policy\/#breadcrumb"},"inLanguage":"fr-FR","potentialAction":[{"@type":"ReadAction","target":["https:\/\/www.keyfulgroup.com\/privacy-policy\/"]}]},{"@type":"BreadcrumbList","@id":"https:\/\/www.keyfulgroup.com\/privacy-policy\/#breadcrumb","itemListElement":[{"@type":"ListItem","position":1,"name":"Home","item":"https:\/\/www.keyfulgroup.com\/"},{"@type":"ListItem","position":2,"name":"Privacy Policy"}]},{"@type":"WebSite","@id":"https:\/\/www.keyfulgroup.com\/#website","url":"https:\/\/www.keyfulgroup.com\/","name":"Kaifeng","description":"","publisher":{"@id":"https:\/\/www.keyfulgroup.com\/#organization"},"potentialAction":[{"@type":"SearchAction","target":{"@type":"EntryPoint","urlTemplate":"https:\/\/www.keyfulgroup.com\/?s={search_term_string}"},"query-input":{"@type":"PropertyValueSpecification","valueRequired":true,"valueName":"search_term_string"}}],"inLanguage":"fr-FR"},{"@type":"Organization","@id":"https:\/\/www.keyfulgroup.com\/#organization","name":"Kaifeng","url":"https:\/\/www.keyfulgroup.com\/","logo":{"@type":"ImageObject","inLanguage":"fr-FR","@id":"https:\/\/www.keyfulgroup.com\/#\/schema\/logo\/image\/","url":"https:\/\/www.keyfulgroup.com\/wp-content\/uploads\/2026\/01\/Kaifeng-Logo.avif","contentUrl":"https:\/\/www.keyfulgroup.com\/wp-content\/uploads\/2026\/01\/Kaifeng-Logo.avif","width":512,"height":512,"caption":"Kaifeng"},"image":{"@id":"https:\/\/www.keyfulgroup.com\/#\/schema\/logo\/image\/"}}]}},"_links":{"self":[{"href":"https:\/\/www.keyfulgroup.com\/fr\/wp-json\/wp\/v2\/pages\/3","targetHints":{"allow":["GET"]}}],"collection":[{"href":"https:\/\/www.keyfulgroup.com\/fr\/wp-json\/wp\/v2\/pages"}],"about":[{"href":"https:\/\/www.keyfulgroup.com\/fr\/wp-json\/wp\/v2\/types\/page"}],"author":[{"embeddable":true,"href":"https:\/\/www.keyfulgroup.com\/fr\/wp-json\/wp\/v2\/users\/1"}],"replies":[{"embeddable":true,"href":"https:\/\/www.keyfulgroup.com\/fr\/wp-json\/wp\/v2\/comments?post=3"}],"version-history":[{"count":5,"href":"https:\/\/www.keyfulgroup.com\/fr\/wp-json\/wp\/v2\/pages\/3\/revisions"}],"predecessor-version":[{"id":23,"href":"https:\/\/www.keyfulgroup.com\/fr\/wp-json\/wp\/v2\/pages\/3\/revisions\/23"}],"wp:attachment":[{"href":"https:\/\/www.keyfulgroup.com\/fr\/wp-json\/wp\/v2\/media?parent=3"}],"curies":[{"name":"wp","href":"https:\/\/api.w.org\/{rel}","templated":true}]}}