{"id":3,"date":"2026-01-08T09:47:44","date_gmt":"2026-01-08T09:47:44","guid":{"rendered":"https:\/\/test.keyfulgroup.com\/?page_id=3"},"modified":"2026-01-09T16:30:22","modified_gmt":"2026-01-09T08:30:22","slug":"privacy-policy","status":"publish","type":"page","link":"https:\/\/www.keyfulgroup.com\/es\/privacy-policy\/","title":{"rendered":"Pol\u00edtica de privacidad"},"content":{"rendered":"<div class=\"fusion-title title fusion-title-1 fusion-sep-none fusion-title-center fusion-title-text fusion-title-size-five\">\r\n<h5 class=\"fusion-title-heading title-heading-center wp-block-heading\" style=\"text-align: center;\">Pol\u00edtica de privacidad<\/h5>\r\n<\/div>\r\n<div class=\"fusion-text fusion-text-1\">\r\n<p>Tiempo de actualizaci\u00f3n: 2025<br \/>Vigencia: de 2025 a permanente<br \/>Nota: Este acuerdo es v\u00e1lido para<br \/>Nuestra intenci\u00f3n es mejorar el servicio para todos en nuestro sitio web, recopilamos y utilizamos informaci\u00f3n sobre usted, nuestro<br \/>- los visitantes de nuestros sitios web o cualquier persona que se ponga en contacto con nosotros<br \/>Esta pol\u00edtica de privacidad le ayudar\u00e1 a comprender mejor c\u00f3mo recogemos, utilizamos y compartimos su informaci\u00f3n personal. Si cambiamos nuestras pr\u00e1cticas de privacidad, es posible que actualicemos esta pol\u00edtica de privacidad. Si alg\u00fan cambio es significativo, se lo comunicaremos por correo electr\u00f3nico<\/p>\r\n<h5>Nuestros principios b\u00e1sicos<\/h5>\r\n<p>- Su informaci\u00f3n le pertenece<br \/>Analizamos cuidadosamente qu\u00e9 tipo de informaci\u00f3n necesitamos para prestar nuestros servicios, e intentamos limitar la informaci\u00f3n que recopilamos a s\u00f3lo la que realmente necesitamos. En la medida de lo posible, eliminamos o anonimizamos esta informaci\u00f3n cuando ya no la necesitamos. Al construir y mejorar nuestros productos, nuestros ingenieros trabajan en estrecha colaboraci\u00f3n con nuestros equipos de privacidad y seguridad para construir teniendo en cuenta la privacidad. En todo este trabajo, nuestro principio rector es que tu informaci\u00f3n te pertenece, y nuestro objetivo es utilizarla s\u00f3lo en tu beneficio.<br \/>- Protegemos su informaci\u00f3n frente a terceros<br \/>Si un tercero solicita su informaci\u00f3n personal, nos negaremos a compartirla a menos que usted nos d\u00e9 permiso o estemos legalmente obligados. Cuando estemos legalmente obligados a compartir sus datos personales, se lo comunicaremos con antelaci\u00f3n, salvo que la ley nos lo proh\u00edba.<br \/>- Responderemos a las preguntas relacionadas con la privacidad que recibamos.<\/p>\r\n<h5>Qu\u00e9 informaci\u00f3n recopilamos sobre usted y por qu\u00e9<\/h5>\r\n<p>Recopilamos informaci\u00f3n personal cuando se registra en nuestro sitio web, cuando utiliza nuestra plataforma o cuando nos facilita informaci\u00f3n de cualquier otra forma. Tambi\u00e9n podemos recurrir a terceros proveedores de servicios para que nos ayuden a prestarle otros servicios. En general, necesitamos esta informaci\u00f3n para que usted pueda utilizar nuestra plataforma.<br \/>- Para facilitarle el uso de nuestra plataforma y otros servicios relacionados (por ejemplo, para confirmar su identidad, para ponernos en contacto con usted sobre problemas con la plataforma),o para cumplir con requisitos legales, o para prevenir el uso fraudulento de nuestros servicios, usted nos proporciona informaci\u00f3n sobre usted y su negocio, como su nombre, tipo de negocio, provincia y ciudad, direcci\u00f3n completa, licencia comercial, c\u00f3digo de cr\u00e9dito social, n\u00famero de identificaci\u00f3n fiscal, nombre del representante legal.<\/p>\r\n<h5>Por qu\u00e9 tratamos sus datos<\/h5>\r\n<p>Generalmente procesamos su informaci\u00f3n cuando necesitamos hacerlo para cumplir una obligaci\u00f3n contractual, o cuando nosotros o alguien con quien trabajamos necesita utilizar su informaci\u00f3n personal por una raz\u00f3n relacionada con su negocio (por ejemplo, para proporcionarle un servicio), incluyendo:<br \/>- realizar consultas y operaciones<br \/>- prevenci\u00f3n de riesgos y fraudes<br \/>- responder a preguntas o prestar otro tipo de apoyo<br \/>- ofrecer y mejorar nuestros productos y servicios<br \/>- elaboraci\u00f3n de informes y an\u00e1lisis<br \/>- probar funciones o servicios adicionales<br \/>- asistencia en marketing, publicidad u otras comunicaciones<br \/>S\u00f3lo procesamos informaci\u00f3n personal para las situaciones mencionadas tras considerar los riesgos potenciales para su privacidad, por ejemplo, proporcionando una transparencia clara sobre nuestras pr\u00e1cticas de privacidad, ofreci\u00e9ndole control sobre su informaci\u00f3n personal cuando proceda, limitando la informaci\u00f3n que conservamos, limitando lo que hacemos con su informaci\u00f3n, a qui\u00e9n enviamos su informaci\u00f3n, cu\u00e1nto tiempo conservamos su informaci\u00f3n o las medidas t\u00e9cnicas que utilizamos para proteger su informaci\u00f3n. En general, conservaremos su informaci\u00f3n durante 3 a\u00f1os.<br \/>Podremos tratar sus datos personales cuando usted nos haya dado su consentimiento. En particular, cuando no podamos ampararnos en una base jur\u00eddica alternativa para el tratamiento, cuando sus datos procedan de fuentes que ya cuenten con su consentimiento o cuando estemos obligados por ley a solicitar su consentimiento en el contexto de algunas de nuestras actividades de venta y marketing. En cualquier momento, tiene derecho a retirar su consentimiento cambiando sus opciones de comunicaci\u00f3n, d\u00e1ndose de baja de nuestras comunicaciones o poni\u00e9ndose en contacto con nosotros.<\/p>\r\n<h5>Sus derechos sobre su informaci\u00f3n<\/h5>\r\n<p>Creemos que debe poder acceder a su informaci\u00f3n personal y controlarla, independientemente de d\u00f3nde viva. Dependiendo de c\u00f3mo utilice nuestro sitio web, puede tener derecho a solicitar acceso a su informaci\u00f3n personal, corregirla, modificarla, eliminarla, trasladarla a otro proveedor de servicios, restringirla u oponerse a determinados usos de la misma (por ejemplo, marketing directo). No le cobraremos m\u00e1s ni le prestaremos un nivel de servicio diferente si ejerce cualquiera de estos derechos.<br \/>Tenga en cuenta que si nos env\u00eda una solicitud relacionada con su informaci\u00f3n personal, tenemos que asegurarnos de que es usted antes de poder responderle. Para ello, es posible que recurramos a terceros para recopilar y verificar documentos de identificaci\u00f3n.<br \/>Si no est\u00e1 satisfecho con nuestra respuesta a una solicitud, puede ponerse en contacto con nosotros para resolver el problema. Tambi\u00e9n tiene derecho a ponerse en contacto con su autoridad local de protecci\u00f3n de datos o privacidad en cualquier momento.<\/p>\r\n<h5>D\u00f3nde enviamos su informaci\u00f3n<\/h5>\r\n<p>Somos una empresa china 3D01, Block CD, Tianji Building, Tianan Digital City, Futian District, Shenzhen city, Guangdong Province China, para operar nuestro negocio, podemos enviar su informaci\u00f3n personal fuera de su estado, provincia o pa\u00eds, incluyendo la transmisi\u00f3n a servidores desplegados por nuestros proveedores de servicios en China o Singapur. Estos datos pueden estar sujetos a las leyes de los pa\u00edses a los que los enviamos. Cuando enviamos su informaci\u00f3n a trav\u00e9s de las fronteras, tomamos medidas para proteger su informaci\u00f3n, y tratamos de enviar su informaci\u00f3n s\u00f3lo a pa\u00edses que tienen fuertes leyes de protecci\u00f3n de datos.<br \/>Aunque hacemos todo lo posible para proteger su informaci\u00f3n, en ocasiones podemos vernos obligados legalmente a revelar sus datos personales (por ejemplo, si recibimos una orden judicial v\u00e1lida).<\/p>\r\n<h5>Cu\u00e1ndo y por qu\u00e9 compartimos su informaci\u00f3n con terceros<\/h5>\r\n<p>Recurrimos a proveedores de servicios para que nos ayuden a prestarle servicios. Estos servicios se le prestar\u00e1n expresamente en funci\u00f3n de su confirmaci\u00f3n o consentimiento.<br \/>Fuera de estos proveedores de servicios, s\u00f3lo compartiremos su informaci\u00f3n si estamos legalmente obligados a hacerlo (por ejemplo, si recibimos una orden o citaci\u00f3n judicial legalmente vinculante).<br \/>Si tiene alguna pregunta sobre c\u00f3mo compartimos su informaci\u00f3n personal, p\u00f3ngase en contacto con nosotros.<\/p>\r\n<h5>C\u00f3mo protegemos su informaci\u00f3n<\/h5>\r\n<p>Nuestros equipos trabajan sin descanso para proteger su informaci\u00f3n y garantizar la seguridad e integridad de nuestra plataforma. Tambi\u00e9n contamos con auditores independientes que eval\u00faan la seguridad de nuestro almacenamiento de datos y de los sistemas que procesan la informaci\u00f3n financiera. Pero tambi\u00e9n hemos adquirido SSL para evitar en la medida de lo posible que se filtren los datos del sitio web. Sin embargo, todos sabemos que ning\u00fan m\u00e9todo de transmisi\u00f3n por Internet, ni ning\u00fan m\u00e9todo de almacenamiento electr\u00f3nico, puede ser 100% seguro. Esto significa que no podemos garantizar la seguridad absoluta de su informaci\u00f3n personal.<br \/>Puede encontrar m\u00e1s informaci\u00f3n sobre nuestras medidas de seguridad en nuestro sitio web.<\/p>\r\n<h5>C\u00f3mo utilizamos las \u201ccookies\u201d y otras tecnolog\u00edas de seguimiento<\/h5>\r\n<p>Utilizamos cookies y tecnolog\u00edas de seguimiento similares en nuestro sitio web y cuando prestamos nuestros servicios. Para obtener m\u00e1s informaci\u00f3n sobre c\u00f3mo utilizamos estas tecnolog\u00edas, incluida una lista de otras empresas que colocan cookies en nuestros sitios, y una explicaci\u00f3n de c\u00f3mo puede optar por no recibir determinados tipos de cookies, consulte nuestra Pol\u00edtica de cookies.<\/p>\r\n<h5>C\u00f3mo ponerse en contacto con nosotros<\/h5>\r\n<p>Si desea realizar alguna consulta, solicitud o reclamaci\u00f3n sobre el tratamiento de sus datos personales, p\u00f3ngase en contacto con nosotros o env\u00edenos un correo electr\u00f3nico a la direcci\u00f3n que figura a continuaci\u00f3n.<br \/>Nombre: ShenZhen Keyful Nuevos materiales Co., Ltd.<br \/>Direcci\u00f3n de correo electr\u00f3nico:<a href=\"mailto:melissa@kfnmsz.com\">melissa@kfnmsz.com<\/a><\/p>\r\n<\/div>","protected":false},"excerpt":{"rendered":"<p>Privacy Policy Update Time: 2025Effective Time: 2025 to PermanentNote: This agreement is valid for permanentWe [&#8230;]<\/p>\n","protected":false},"author":1,"featured_media":0,"parent":0,"menu_order":0,"comment_status":"closed","ping_status":"open","template":"","meta":{"footnotes":""},"class_list":["post-3","page","type-page","status-publish","hentry"],"yoast_head":"<!-- This site is optimized with the Yoast SEO plugin v27.4 - https:\/\/yoast.com\/product\/yoast-seo-wordpress\/ -->\n<title>Privacy Policy - KEYFUL<\/title>\n<meta name=\"robots\" content=\"index, follow, max-snippet:-1, max-image-preview:large, max-video-preview:-1\" \/>\n<link rel=\"canonical\" href=\"https:\/\/www.keyfulgroup.com\/es\/privacy-policy\/\" \/>\n<meta property=\"og:locale\" content=\"es_ES\" \/>\n<meta property=\"og:type\" content=\"article\" \/>\n<meta property=\"og:title\" content=\"Privacy Policy - KEYFUL\" \/>\n<meta property=\"og:description\" content=\"Privacy Policy Update Time: 2025Effective Time: 2025 to PermanentNote: This agreement is valid for permanentWe [...]\" \/>\n<meta property=\"og:url\" content=\"https:\/\/www.keyfulgroup.com\/es\/privacy-policy\/\" \/>\n<meta property=\"og:site_name\" content=\"KEYFUL\" \/>\n<meta property=\"article:modified_time\" content=\"2026-01-09T08:30:22+00:00\" \/>\n<meta name=\"twitter:card\" content=\"summary_large_image\" \/>\n<meta name=\"twitter:label1\" content=\"Tiempo de lectura\" \/>\n\t<meta name=\"twitter:data1\" content=\"6 minutos\" \/>\n<script type=\"application\/ld+json\" class=\"yoast-schema-graph\">{\"@context\":\"https:\\\/\\\/schema.org\",\"@graph\":[{\"@type\":\"WebPage\",\"@id\":\"https:\\\/\\\/www.keyfulgroup.com\\\/privacy-policy\\\/\",\"url\":\"https:\\\/\\\/www.keyfulgroup.com\\\/privacy-policy\\\/\",\"name\":\"Privacy Policy - KEYFUL\",\"isPartOf\":{\"@id\":\"https:\\\/\\\/www.keyfulgroup.com\\\/#website\"},\"datePublished\":\"2026-01-08T09:47:44+00:00\",\"dateModified\":\"2026-01-09T08:30:22+00:00\",\"breadcrumb\":{\"@id\":\"https:\\\/\\\/www.keyfulgroup.com\\\/privacy-policy\\\/#breadcrumb\"},\"inLanguage\":\"es\",\"potentialAction\":[{\"@type\":\"ReadAction\",\"target\":[\"https:\\\/\\\/www.keyfulgroup.com\\\/privacy-policy\\\/\"]}]},{\"@type\":\"BreadcrumbList\",\"@id\":\"https:\\\/\\\/www.keyfulgroup.com\\\/privacy-policy\\\/#breadcrumb\",\"itemListElement\":[{\"@type\":\"ListItem\",\"position\":1,\"name\":\"Home\",\"item\":\"https:\\\/\\\/www.keyfulgroup.com\\\/\"},{\"@type\":\"ListItem\",\"position\":2,\"name\":\"Privacy Policy\"}]},{\"@type\":\"WebSite\",\"@id\":\"https:\\\/\\\/www.keyfulgroup.com\\\/#website\",\"url\":\"https:\\\/\\\/www.keyfulgroup.com\\\/\",\"name\":\"Kaifeng\",\"description\":\"\",\"publisher\":{\"@id\":\"https:\\\/\\\/www.keyfulgroup.com\\\/#organization\"},\"potentialAction\":[{\"@type\":\"SearchAction\",\"target\":{\"@type\":\"EntryPoint\",\"urlTemplate\":\"https:\\\/\\\/www.keyfulgroup.com\\\/?s={search_term_string}\"},\"query-input\":{\"@type\":\"PropertyValueSpecification\",\"valueRequired\":true,\"valueName\":\"search_term_string\"}}],\"inLanguage\":\"es\"},{\"@type\":\"Organization\",\"@id\":\"https:\\\/\\\/www.keyfulgroup.com\\\/#organization\",\"name\":\"Kaifeng\",\"url\":\"https:\\\/\\\/www.keyfulgroup.com\\\/\",\"logo\":{\"@type\":\"ImageObject\",\"inLanguage\":\"es\",\"@id\":\"https:\\\/\\\/www.keyfulgroup.com\\\/#\\\/schema\\\/logo\\\/image\\\/\",\"url\":\"https:\\\/\\\/www.keyfulgroup.com\\\/wp-content\\\/uploads\\\/2026\\\/01\\\/Kaifeng-Logo.avif\",\"contentUrl\":\"https:\\\/\\\/www.keyfulgroup.com\\\/wp-content\\\/uploads\\\/2026\\\/01\\\/Kaifeng-Logo.avif\",\"width\":512,\"height\":512,\"caption\":\"Kaifeng\"},\"image\":{\"@id\":\"https:\\\/\\\/www.keyfulgroup.com\\\/#\\\/schema\\\/logo\\\/image\\\/\"}}]}<\/script>\n<!-- \/ Yoast SEO plugin. -->","yoast_head_json":{"title":"Pol\u00edtica de privacidad - KEYFUL","robots":{"index":"index","follow":"follow","max-snippet":"max-snippet:-1","max-image-preview":"max-image-preview:large","max-video-preview":"max-video-preview:-1"},"canonical":"https:\/\/www.keyfulgroup.com\/es\/privacy-policy\/","og_locale":"es_ES","og_type":"article","og_title":"Privacy Policy - KEYFUL","og_description":"Privacy Policy Update Time: 2025Effective Time: 2025 to PermanentNote: This agreement is valid for permanentWe [...]","og_url":"https:\/\/www.keyfulgroup.com\/es\/privacy-policy\/","og_site_name":"KEYFUL","article_modified_time":"2026-01-09T08:30:22+00:00","twitter_card":"summary_large_image","twitter_misc":{"Tiempo de lectura":"6 minutos"},"schema":{"@context":"https:\/\/schema.org","@graph":[{"@type":"WebPage","@id":"https:\/\/www.keyfulgroup.com\/privacy-policy\/","url":"https:\/\/www.keyfulgroup.com\/privacy-policy\/","name":"Pol\u00edtica de privacidad - KEYFUL","isPartOf":{"@id":"https:\/\/www.keyfulgroup.com\/#website"},"datePublished":"2026-01-08T09:47:44+00:00","dateModified":"2026-01-09T08:30:22+00:00","breadcrumb":{"@id":"https:\/\/www.keyfulgroup.com\/privacy-policy\/#breadcrumb"},"inLanguage":"es","potentialAction":[{"@type":"ReadAction","target":["https:\/\/www.keyfulgroup.com\/privacy-policy\/"]}]},{"@type":"BreadcrumbList","@id":"https:\/\/www.keyfulgroup.com\/privacy-policy\/#breadcrumb","itemListElement":[{"@type":"ListItem","position":1,"name":"Home","item":"https:\/\/www.keyfulgroup.com\/"},{"@type":"ListItem","position":2,"name":"Privacy Policy"}]},{"@type":"WebSite","@id":"https:\/\/www.keyfulgroup.com\/#website","url":"https:\/\/www.keyfulgroup.com\/","name":"Kaifeng","description":"","publisher":{"@id":"https:\/\/www.keyfulgroup.com\/#organization"},"potentialAction":[{"@type":"SearchAction","target":{"@type":"EntryPoint","urlTemplate":"https:\/\/www.keyfulgroup.com\/?s={search_term_string}"},"query-input":{"@type":"PropertyValueSpecification","valueRequired":true,"valueName":"search_term_string"}}],"inLanguage":"es"},{"@type":"Organization","@id":"https:\/\/www.keyfulgroup.com\/#organization","name":"Kaifeng","url":"https:\/\/www.keyfulgroup.com\/","logo":{"@type":"ImageObject","inLanguage":"es","@id":"https:\/\/www.keyfulgroup.com\/#\/schema\/logo\/image\/","url":"https:\/\/www.keyfulgroup.com\/wp-content\/uploads\/2026\/01\/Kaifeng-Logo.avif","contentUrl":"https:\/\/www.keyfulgroup.com\/wp-content\/uploads\/2026\/01\/Kaifeng-Logo.avif","width":512,"height":512,"caption":"Kaifeng"},"image":{"@id":"https:\/\/www.keyfulgroup.com\/#\/schema\/logo\/image\/"}}]}},"_links":{"self":[{"href":"https:\/\/www.keyfulgroup.com\/es\/wp-json\/wp\/v2\/pages\/3","targetHints":{"allow":["GET"]}}],"collection":[{"href":"https:\/\/www.keyfulgroup.com\/es\/wp-json\/wp\/v2\/pages"}],"about":[{"href":"https:\/\/www.keyfulgroup.com\/es\/wp-json\/wp\/v2\/types\/page"}],"author":[{"embeddable":true,"href":"https:\/\/www.keyfulgroup.com\/es\/wp-json\/wp\/v2\/users\/1"}],"replies":[{"embeddable":true,"href":"https:\/\/www.keyfulgroup.com\/es\/wp-json\/wp\/v2\/comments?post=3"}],"version-history":[{"count":5,"href":"https:\/\/www.keyfulgroup.com\/es\/wp-json\/wp\/v2\/pages\/3\/revisions"}],"predecessor-version":[{"id":23,"href":"https:\/\/www.keyfulgroup.com\/es\/wp-json\/wp\/v2\/pages\/3\/revisions\/23"}],"wp:attachment":[{"href":"https:\/\/www.keyfulgroup.com\/es\/wp-json\/wp\/v2\/media?parent=3"}],"curies":[{"name":"wp","href":"https:\/\/api.w.org\/{rel}","templated":true}]}}