{"id":3,"date":"2026-01-08T09:47:44","date_gmt":"2026-01-08T09:47:44","guid":{"rendered":"https:\/\/test.keyfulgroup.com\/?page_id=3"},"modified":"2026-01-09T16:30:22","modified_gmt":"2026-01-09T08:30:22","slug":"privacy-policy","status":"publish","type":"page","link":"https:\/\/www.keyfulgroup.com\/de\/privacy-policy\/","title":{"rendered":"Datenschutzbestimmungen"},"content":{"rendered":"<div class=\"fusion-title title fusion-title-1 fusion-sep-none fusion-title-center fusion-title-text fusion-title-size-five\">\r\n<h5 class=\"fusion-title-heading title-heading-center wp-block-heading\" style=\"text-align: center;\">Datenschutzbestimmungen<\/h5>\r\n<\/div>\r\n<div class=\"fusion-text fusion-text-1\">\r\n<p>Aktualisierungszeit: 2025<br \/>G\u00fcltigkeitsdauer: 2025 bis dauerhaft<br \/>Hinweis: Diese Vereinbarung gilt f\u00fcr dauerhafte<br \/>Wir beabsichtigen, den Service auf unserer Website f\u00fcr alle zu verbessern, wir sammeln und verwenden Informationen \u00fcber Sie, unsere<br \/>- Besucher unserer Websites oder Personen, die mit uns Kontakt aufnehmen<br \/>Diese Datenschutzrichtlinie soll Ihnen helfen, besser zu verstehen, wie wir Ihre pers\u00f6nlichen Daten erfassen, verwenden und weitergeben. Wenn wir unsere Datenschutzpraktiken \u00e4ndern, werden wir diese Datenschutzrichtlinie aktualisieren. Wenn wir wesentliche \u00c4nderungen vornehmen, werden wir Sie per E-Mail informieren<\/p>\r\n<h5>Unsere Grundprinzipien<\/h5>\r\n<p>- Ihre Informationen geh\u00f6ren Ihnen<br \/>Wir analysieren sorgf\u00e4ltig, welche Arten von Informationen wir ben\u00f6tigen, um unsere Dienstleistungen zu erbringen, und wir versuchen, die von uns gesammelten Informationen auf das zu beschr\u00e4nken, was wir wirklich brauchen. Wenn m\u00f6glich, l\u00f6schen oder anonymisieren wir diese Informationen, wenn wir sie nicht mehr ben\u00f6tigen. Bei der Entwicklung und Verbesserung unserer Produkte arbeiten unsere Ingenieure eng mit unseren Datenschutz- und Sicherheitsteams zusammen, um den Datenschutz zu ber\u00fccksichtigen. Bei all dieser Arbeit gilt der Grundsatz, dass Ihre Daten Ihnen geh\u00f6ren und dass wir sie nur zu Ihrem Vorteil nutzen wollen.<br \/>- Wir sch\u00fctzen Ihre Informationen vor anderen<br \/>Wenn ein Dritter Ihre personenbezogenen Daten anfordert, werden wir uns weigern, sie weiterzugeben, es sei denn, Sie erteilen uns die Erlaubnis oder wir sind gesetzlich dazu verpflichtet. Wenn wir gesetzlich verpflichtet sind, Ihre personenbezogenen Daten weiterzugeben, werden wir Sie im Voraus dar\u00fcber informieren, es sei denn, es ist uns gesetzlich untersagt.<br \/>- Wir werden Fragen zum Datenschutz beantworten, die wir erhalten.<\/p>\r\n<h5>Welche Informationen wir \u00fcber Sie sammeln und warum<\/h5>\r\n<p>Wir erfassen personenbezogene Daten, wenn Sie sich auf unserer Website anmelden, wenn Sie unsere Plattform nutzen oder wenn Sie uns anderweitig Informationen zur Verf\u00fcgung stellen. Wir k\u00f6nnen auch auf Drittanbieter zur\u00fcckgreifen, die uns helfen, andere Dienstleistungen f\u00fcr Sie zu erbringen. Im Allgemeinen ben\u00f6tigen wir diese Informationen, damit Sie unsere Plattform nutzen k\u00f6nnen.<br \/>- Um Ihnen die Nutzung unserer Plattform und anderer damit verbundener Dienste zu erm\u00f6glichen (z. B. um Ihre Identit\u00e4t zu best\u00e4tigen, um Sie bei Problemen mit der Plattform zu kontaktieren), oder um gesetzliche Anforderungen zu erf\u00fcllen oder um eine betr\u00fcgerische Nutzung unserer Dienste zu verhindern, stellen Sie uns Informationen \u00fcber Sie und Ihr Unternehmen zur Verf\u00fcgung, wie z. B. Ihren Namen, die Art des Unternehmens, die Provinz und die Stadt, die vollst\u00e4ndige Adresse, die Gesch\u00e4ftslizenz, die Sozialversicherungsnummer, die Steuernummer und den Namen des gesetzlichen Vertreters.<\/p>\r\n<h5>Warum wir Ihre Informationen verarbeiten<\/h5>\r\n<p>Im Allgemeinen verarbeiten wir Ihre Daten, wenn wir dies zur Erf\u00fcllung einer vertraglichen Verpflichtung tun m\u00fcssen oder wenn wir oder jemand, mit dem wir zusammenarbeiten, Ihre personenbezogenen Daten aus gesch\u00e4ftlichen Gr\u00fcnden verwenden m\u00fcssen (z. B. um Ihnen eine Dienstleistung zu erbringen):<br \/>- Erkundigungen einziehen und Handel treiben<br \/>- Risiko- und Betrugspr\u00e4vention<br \/>- Beantwortung von Fragen oder Bereitstellung anderer Arten von Unterst\u00fctzung<br \/>- Bereitstellung und Verbesserung unserer Produkte und Dienstleistungen<br \/>- Bereitstellung von Berichten und Analysen<br \/>- Testen von Funktionen oder zus\u00e4tzlichen Dienstleistungen<br \/>- Unterst\u00fctzung bei Marketing, Werbung oder sonstiger Kommunikation<br \/>Wir verarbeiten personenbezogene Daten nur in den oben genannten F\u00e4llen, nachdem wir die potenziellen Risiken f\u00fcr Ihre Privatsph\u00e4re abgewogen haben, z. B. indem wir unsere Datenschutzpraktiken transparent machen, Ihnen gegebenenfalls die Kontrolle \u00fcber Ihre personenbezogenen Daten anbieten, die von uns aufbewahrten Daten einschr\u00e4nken, einschr\u00e4nken, was wir mit Ihren Daten tun, an wen wir Ihre Daten weitergeben, wie lange wir Ihre Daten aufbewahren oder welche technischen Ma\u00dfnahmen wir zum Schutz Ihrer Daten ergreifen. Im Allgemeinen werden wir Ihre Daten 3 Jahre lang aufbewahren.<br \/>Wir k\u00f6nnen Ihre personenbezogenen Daten verarbeiten, wenn Sie Ihre Zustimmung gegeben haben. Dies ist insbesondere dann der Fall, wenn wir uns nicht auf eine andere Rechtsgrundlage f\u00fcr die Verarbeitung berufen k\u00f6nnen, wenn Ihre Daten aus Quellen stammen, f\u00fcr die bereits eine Einwilligung vorliegt, oder wenn wir gesetzlich verpflichtet sind, Sie im Zusammenhang mit einigen unserer Verkaufs- und Marketingaktivit\u00e4ten um Ihre Einwilligung zu bitten. Sie haben jederzeit das Recht, Ihre Einwilligung zu widerrufen, indem Sie Ihre Kommunikationsentscheidungen \u00e4ndern, sich von unseren Mitteilungen abmelden oder sich mit uns in Verbindung setzen.<\/p>\r\n<h5>Ihre Rechte in Bezug auf Ihre Daten<\/h5>\r\n<p>Wir sind der Meinung, dass Sie in der Lage sein sollten, auf Ihre pers\u00f6nlichen Daten zuzugreifen und sie zu kontrollieren, unabh\u00e4ngig davon, wo Sie leben. Je nachdem, wie Sie unsere Website nutzen, haben Sie m\u00f6glicherweise das Recht, Zugang zu Ihren personenbezogenen Daten zu verlangen, sie zu korrigieren, zu \u00e4ndern, zu l\u00f6schen, an einen anderen Dienstleister zu \u00fcbertragen, einzuschr\u00e4nken oder bestimmten Verwendungen Ihrer personenbezogenen Daten zu widersprechen (z. B. Direktmarketing). Wenn Sie eines dieser Rechte aus\u00fcben, werden wir Ihnen keine h\u00f6heren Geb\u00fchren in Rechnung stellen oder ein anderes Dienstleistungsniveau anbieten.<br \/>Bitte beachten Sie, dass wir uns bei Anfragen zu Ihren pers\u00f6nlichen Daten vergewissern m\u00fcssen, dass es sich um Sie handelt, bevor wir antworten k\u00f6nnen. Zu diesem Zweck k\u00f6nnen wir Dritte beauftragen, Ausweispapiere zu sammeln und zu \u00fcberpr\u00fcfen.<br \/>Wenn Sie mit unserer Antwort auf eine Anfrage nicht zufrieden sind, k\u00f6nnen Sie sich an uns wenden, um das Problem zu l\u00f6sen. Sie haben auch das Recht, sich jederzeit an Ihre \u00f6rtliche Datenschutzbeh\u00f6rde zu wenden.<\/p>\r\n<h5>Wohin wir Ihre Informationen senden<\/h5>\r\n<p>Wir sind ein chinesisches Unternehmen 3D01, Block CD, Tianji Building, Tianan Digital City, Futian District, Shenzhen City, Guangdong Province China. Um unser Gesch\u00e4ft zu betreiben, k\u00f6nnen wir Ihre pers\u00f6nlichen Daten au\u00dferhalb Ihres Staates, Ihrer Provinz oder Ihres Landes senden, einschlie\u00dflich der \u00dcbertragung an Server, die von unseren Dienstleistern in China oder Singapur bereitgestellt werden. Diese Daten k\u00f6nnen den Gesetzen der L\u00e4nder unterliegen, in die wir sie senden. Wenn wir Ihre Daten ins Ausland senden, ergreifen wir Ma\u00dfnahmen zum Schutz Ihrer Daten und versuchen, Ihre Daten nur in L\u00e4nder mit strengen Datenschutzgesetzen zu senden.<br \/>Obwohl wir alles in unserer Macht Stehende tun, um Ihre Daten zu sch\u00fctzen, kann es vorkommen, dass wir gesetzlich verpflichtet sind, Ihre pers\u00f6nlichen Daten offenzulegen (z. B. wenn wir einen g\u00fcltigen Gerichtsbeschluss erhalten).<\/p>\r\n<h5>Wann und warum wir Ihre Informationen mit anderen teilen<\/h5>\r\n<p>Wir nehmen Dienstleister in Anspruch, die uns bei der Erbringung von Dienstleistungen f\u00fcr Sie unterst\u00fctzen. Diese Dienste werden Ihnen ausdr\u00fccklich auf der Grundlage Ihrer Best\u00e4tigung oder Zustimmung zur Verf\u00fcgung gestellt.<br \/>Au\u00dferhalb dieser Dienstleister werden wir Ihre Daten nur weitergeben, wenn wir gesetzlich dazu verpflichtet sind (z. B. wenn wir eine rechtsverbindliche gerichtliche Anordnung oder Vorladung erhalten).<br \/>Wenn Sie Fragen dazu haben, wie wir Ihre pers\u00f6nlichen Daten weitergeben, sollten Sie sich an uns wenden.<\/p>\r\n<h5>Wie wir Ihre Informationen sch\u00fctzen<\/h5>\r\n<p>Unsere Teams arbeiten unerm\u00fcdlich daran, Ihre Daten zu sch\u00fctzen und die Sicherheit und Integrit\u00e4t unserer Plattform zu gew\u00e4hrleisten. Au\u00dferdem lassen wir die Sicherheit unserer Datenspeicherung und der Systeme, die Finanzdaten verarbeiten, von unabh\u00e4ngigen Pr\u00fcfern bewerten. Aber wir haben auch SSL gekauft, um zu verhindern, dass Website-Daten so weit wie m\u00f6glich durchsickern. Wir alle wissen jedoch, dass keine Methode der \u00dcbertragung \u00fcber das Internet und keine Methode der elektronischen Speicherung 100% sicher sein kann. Das bedeutet, dass wir die absolute Sicherheit Ihrer pers\u00f6nlichen Daten nicht garantieren k\u00f6nnen.<br \/>Weitere Informationen \u00fcber unsere Sicherheitsma\u00dfnahmen finden Sie auf unserer Website.<\/p>\r\n<h5>Wie wir \u201cCookies\u201d und andere Tracking-Technologien verwenden<\/h5>\r\n<p>Wir verwenden Cookies und \u00e4hnliche Tracking-Technologien auf unserer Website und bei der Bereitstellung unserer Dienste. Weitere Informationen dar\u00fcber, wie wir diese Technologien verwenden, einschlie\u00dflich einer Liste anderer Unternehmen, die Cookies auf unseren Websites platzieren, sowie eine Erkl\u00e4rung, wie Sie bestimmte Arten von Cookies ablehnen k\u00f6nnen, finden Sie in unserer Cookie-Richtlinie.<\/p>\r\n<h5>Wie Sie uns erreichen k\u00f6nnen<\/h5>\r\n<p>Wenn Sie sich \u00fcber die Verarbeitung Ihrer pers\u00f6nlichen Daten erkundigen, eine Anfrage stellen oder sich dar\u00fcber beschweren m\u00f6chten, nehmen Sie bitte Kontakt mit uns auf oder senden Sie uns eine E-Mail an die unten stehende Adresse.<br \/>Name: ShenZhen Keyful New materials Co., Ltd.<br \/>E-Mail Adresse:<a href=\"mailto:melissa@kfnmsz.com\">melissa@kfnmsz.com<\/a><\/p>\r\n<\/div>","protected":false},"excerpt":{"rendered":"<p>Privacy Policy Update Time: 2025Effective Time: 2025 to PermanentNote: This agreement is valid for permanentWe [&#8230;]<\/p>\n","protected":false},"author":1,"featured_media":0,"parent":0,"menu_order":0,"comment_status":"closed","ping_status":"open","template":"","meta":{"footnotes":""},"class_list":["post-3","page","type-page","status-publish","hentry"],"yoast_head":"<!-- This site is optimized with the Yoast SEO plugin v27.4 - https:\/\/yoast.com\/product\/yoast-seo-wordpress\/ -->\n<title>Privacy Policy - KEYFUL<\/title>\n<meta name=\"robots\" content=\"index, follow, max-snippet:-1, max-image-preview:large, max-video-preview:-1\" \/>\n<link rel=\"canonical\" href=\"https:\/\/www.keyfulgroup.com\/de\/privacy-policy\/\" \/>\n<meta property=\"og:locale\" content=\"de_DE\" \/>\n<meta property=\"og:type\" content=\"article\" \/>\n<meta property=\"og:title\" content=\"Privacy Policy - KEYFUL\" \/>\n<meta property=\"og:description\" content=\"Privacy Policy Update Time: 2025Effective Time: 2025 to PermanentNote: This agreement is valid for permanentWe [...]\" \/>\n<meta property=\"og:url\" content=\"https:\/\/www.keyfulgroup.com\/de\/privacy-policy\/\" \/>\n<meta property=\"og:site_name\" content=\"KEYFUL\" \/>\n<meta property=\"article:modified_time\" content=\"2026-01-09T08:30:22+00:00\" \/>\n<meta name=\"twitter:card\" content=\"summary_large_image\" \/>\n<meta name=\"twitter:label1\" content=\"Gesch\u00e4tzte Lesezeit\" \/>\n\t<meta name=\"twitter:data1\" content=\"6\u00a0Minuten\" \/>\n<script type=\"application\/ld+json\" class=\"yoast-schema-graph\">{\"@context\":\"https:\\\/\\\/schema.org\",\"@graph\":[{\"@type\":\"WebPage\",\"@id\":\"https:\\\/\\\/www.keyfulgroup.com\\\/privacy-policy\\\/\",\"url\":\"https:\\\/\\\/www.keyfulgroup.com\\\/privacy-policy\\\/\",\"name\":\"Privacy Policy - KEYFUL\",\"isPartOf\":{\"@id\":\"https:\\\/\\\/www.keyfulgroup.com\\\/#website\"},\"datePublished\":\"2026-01-08T09:47:44+00:00\",\"dateModified\":\"2026-01-09T08:30:22+00:00\",\"breadcrumb\":{\"@id\":\"https:\\\/\\\/www.keyfulgroup.com\\\/privacy-policy\\\/#breadcrumb\"},\"inLanguage\":\"de\",\"potentialAction\":[{\"@type\":\"ReadAction\",\"target\":[\"https:\\\/\\\/www.keyfulgroup.com\\\/privacy-policy\\\/\"]}]},{\"@type\":\"BreadcrumbList\",\"@id\":\"https:\\\/\\\/www.keyfulgroup.com\\\/privacy-policy\\\/#breadcrumb\",\"itemListElement\":[{\"@type\":\"ListItem\",\"position\":1,\"name\":\"Home\",\"item\":\"https:\\\/\\\/www.keyfulgroup.com\\\/\"},{\"@type\":\"ListItem\",\"position\":2,\"name\":\"Privacy Policy\"}]},{\"@type\":\"WebSite\",\"@id\":\"https:\\\/\\\/www.keyfulgroup.com\\\/#website\",\"url\":\"https:\\\/\\\/www.keyfulgroup.com\\\/\",\"name\":\"Kaifeng\",\"description\":\"\",\"publisher\":{\"@id\":\"https:\\\/\\\/www.keyfulgroup.com\\\/#organization\"},\"potentialAction\":[{\"@type\":\"SearchAction\",\"target\":{\"@type\":\"EntryPoint\",\"urlTemplate\":\"https:\\\/\\\/www.keyfulgroup.com\\\/?s={search_term_string}\"},\"query-input\":{\"@type\":\"PropertyValueSpecification\",\"valueRequired\":true,\"valueName\":\"search_term_string\"}}],\"inLanguage\":\"de\"},{\"@type\":\"Organization\",\"@id\":\"https:\\\/\\\/www.keyfulgroup.com\\\/#organization\",\"name\":\"Kaifeng\",\"url\":\"https:\\\/\\\/www.keyfulgroup.com\\\/\",\"logo\":{\"@type\":\"ImageObject\",\"inLanguage\":\"de\",\"@id\":\"https:\\\/\\\/www.keyfulgroup.com\\\/#\\\/schema\\\/logo\\\/image\\\/\",\"url\":\"https:\\\/\\\/www.keyfulgroup.com\\\/wp-content\\\/uploads\\\/2026\\\/01\\\/Kaifeng-Logo.avif\",\"contentUrl\":\"https:\\\/\\\/www.keyfulgroup.com\\\/wp-content\\\/uploads\\\/2026\\\/01\\\/Kaifeng-Logo.avif\",\"width\":512,\"height\":512,\"caption\":\"Kaifeng\"},\"image\":{\"@id\":\"https:\\\/\\\/www.keyfulgroup.com\\\/#\\\/schema\\\/logo\\\/image\\\/\"}}]}<\/script>\n<!-- \/ Yoast SEO plugin. -->","yoast_head_json":{"title":"Datenschutzrichtlinie - KEYFUL","robots":{"index":"index","follow":"follow","max-snippet":"max-snippet:-1","max-image-preview":"max-image-preview:large","max-video-preview":"max-video-preview:-1"},"canonical":"https:\/\/www.keyfulgroup.com\/de\/privacy-policy\/","og_locale":"de_DE","og_type":"article","og_title":"Privacy Policy - KEYFUL","og_description":"Privacy Policy Update Time: 2025Effective Time: 2025 to PermanentNote: This agreement is valid for permanentWe [...]","og_url":"https:\/\/www.keyfulgroup.com\/de\/privacy-policy\/","og_site_name":"KEYFUL","article_modified_time":"2026-01-09T08:30:22+00:00","twitter_card":"summary_large_image","twitter_misc":{"Gesch\u00e4tzte Lesezeit":"6\u00a0Minuten"},"schema":{"@context":"https:\/\/schema.org","@graph":[{"@type":"WebPage","@id":"https:\/\/www.keyfulgroup.com\/privacy-policy\/","url":"https:\/\/www.keyfulgroup.com\/privacy-policy\/","name":"Datenschutzrichtlinie - KEYFUL","isPartOf":{"@id":"https:\/\/www.keyfulgroup.com\/#website"},"datePublished":"2026-01-08T09:47:44+00:00","dateModified":"2026-01-09T08:30:22+00:00","breadcrumb":{"@id":"https:\/\/www.keyfulgroup.com\/privacy-policy\/#breadcrumb"},"inLanguage":"de","potentialAction":[{"@type":"ReadAction","target":["https:\/\/www.keyfulgroup.com\/privacy-policy\/"]}]},{"@type":"BreadcrumbList","@id":"https:\/\/www.keyfulgroup.com\/privacy-policy\/#breadcrumb","itemListElement":[{"@type":"ListItem","position":1,"name":"Home","item":"https:\/\/www.keyfulgroup.com\/"},{"@type":"ListItem","position":2,"name":"Privacy Policy"}]},{"@type":"WebSite","@id":"https:\/\/www.keyfulgroup.com\/#website","url":"https:\/\/www.keyfulgroup.com\/","name":"Kaifeng","description":"","publisher":{"@id":"https:\/\/www.keyfulgroup.com\/#organization"},"potentialAction":[{"@type":"SearchAction","target":{"@type":"EntryPoint","urlTemplate":"https:\/\/www.keyfulgroup.com\/?s={search_term_string}"},"query-input":{"@type":"PropertyValueSpecification","valueRequired":true,"valueName":"search_term_string"}}],"inLanguage":"de"},{"@type":"Organization","@id":"https:\/\/www.keyfulgroup.com\/#organization","name":"Kaifeng","url":"https:\/\/www.keyfulgroup.com\/","logo":{"@type":"ImageObject","inLanguage":"de","@id":"https:\/\/www.keyfulgroup.com\/#\/schema\/logo\/image\/","url":"https:\/\/www.keyfulgroup.com\/wp-content\/uploads\/2026\/01\/Kaifeng-Logo.avif","contentUrl":"https:\/\/www.keyfulgroup.com\/wp-content\/uploads\/2026\/01\/Kaifeng-Logo.avif","width":512,"height":512,"caption":"Kaifeng"},"image":{"@id":"https:\/\/www.keyfulgroup.com\/#\/schema\/logo\/image\/"}}]}},"_links":{"self":[{"href":"https:\/\/www.keyfulgroup.com\/de\/wp-json\/wp\/v2\/pages\/3","targetHints":{"allow":["GET"]}}],"collection":[{"href":"https:\/\/www.keyfulgroup.com\/de\/wp-json\/wp\/v2\/pages"}],"about":[{"href":"https:\/\/www.keyfulgroup.com\/de\/wp-json\/wp\/v2\/types\/page"}],"author":[{"embeddable":true,"href":"https:\/\/www.keyfulgroup.com\/de\/wp-json\/wp\/v2\/users\/1"}],"replies":[{"embeddable":true,"href":"https:\/\/www.keyfulgroup.com\/de\/wp-json\/wp\/v2\/comments?post=3"}],"version-history":[{"count":5,"href":"https:\/\/www.keyfulgroup.com\/de\/wp-json\/wp\/v2\/pages\/3\/revisions"}],"predecessor-version":[{"id":23,"href":"https:\/\/www.keyfulgroup.com\/de\/wp-json\/wp\/v2\/pages\/3\/revisions\/23"}],"wp:attachment":[{"href":"https:\/\/www.keyfulgroup.com\/de\/wp-json\/wp\/v2\/media?parent=3"}],"curies":[{"name":"wp","href":"https:\/\/api.w.org\/{rel}","templated":true}]}}